{"id":209,"date":"2022-08-08T16:56:37","date_gmt":"2022-08-08T14:56:37","guid":{"rendered":"https:\/\/berlin.ms.decms.eu\/?page_id=209"},"modified":"2022-08-08T17:01:29","modified_gmt":"2022-08-08T15:01:29","slug":"nos-amis","status":"publish","type":"page","link":"https:\/\/berlin.hotelbirgit.com\/fr\/nos-amis\/","title":{"rendered":"NOS AMIS"},"content":{"rendered":"<p>Chez B!RGIT, nous travaillons avec un solide r\u00e9seau de partenaires dans le quartier de Mitte\/Prenzlauer Berg, qui sont devenus des amis au fil du temps. Ils fournissent les jus de fruits et les th\u00e9s de notre petit d\u00e9jeuner, mais aussi le v\u00e9lo avec lequel vous visiterez la ville. Avec eux, vous \u00eates entre de bonnes mains !<\/p>\n","protected":false},"excerpt":{"rendered":"<p>Chez B!RGIT, nous travaillons avec un solide r\u00e9seau de partenaires dans le quartier de Mitte\/Prenzlauer Berg, qui sont devenus des amis au fil du temps. Ils fournissent les jus de fruits et les th\u00e9s de notre petit d\u00e9jeuner, mais aussi le v\u00e9lo avec lequel vous visiterez la ville. Avec eux, vous \u00eates entre de bonnes [&hellip;]<\/p>\n","protected":false},"author":15,"featured_media":0,"parent":0,"menu_order":0,"comment_status":"closed","ping_status":"closed","template":"template-default-3.php","meta":{"footnotes":""},"class_list":["post-209","page","type-page","status-publish","hentry"],"yoast_head":"<!-- This site is optimized with the Yoast SEO plugin v26.9 - https:\/\/yoast.com\/product\/yoast-seo-wordpress\/ -->\n<title>Des produits locaux de Berlin | Hotel BIRGIT Berlin Mitte<\/title>\n<meta name=\"description\" content=\"Chez B!RGIT, nous sour\u00e7ons aupr\u00e8s d\u2019entreprises locales les produits frais et sains (fruits, fromage, th\u00e9, vin et cocktails) de la carte de notre petit d\u00e9jeuner et de notre bar.\" \/>\n<meta name=\"robots\" content=\"index, follow, max-snippet:-1, max-image-preview:large, max-video-preview:-1\" \/>\n<link rel=\"canonical\" href=\"https:\/\/berlin.hotelbirgit.com\/fr\/nos-amis\/\" \/>\n<meta property=\"og:locale\" content=\"fr_FR\" \/>\n<meta property=\"og:type\" content=\"article\" \/>\n<meta property=\"og:title\" content=\"Des produits locaux de Berlin | Hotel BIRGIT Berlin Mitte\" \/>\n<meta property=\"og:description\" content=\"Chez B!RGIT, nous sour\u00e7ons aupr\u00e8s d\u2019entreprises locales les produits frais et sains (fruits, fromage, th\u00e9, vin et cocktails) de la carte de notre petit d\u00e9jeuner et de notre bar.\" \/>\n<meta property=\"og:url\" content=\"https:\/\/berlin.hotelbirgit.com\/fr\/nos-amis\/\" \/>\n<meta property=\"og:site_name\" content=\"Birgit Berlin\" \/>\n<meta property=\"article:modified_time\" content=\"2022-08-08T15:01:29+00:00\" \/>\n<meta name=\"twitter:card\" content=\"summary_large_image\" \/>\n<script type=\"application\/ld+json\" class=\"yoast-schema-graph\">{\"@context\":\"https:\/\/schema.org\",\"@graph\":[{\"@type\":\"WebPage\",\"@id\":\"https:\/\/berlin.hotelbirgit.com\/fr\/nos-amis\/\",\"url\":\"https:\/\/berlin.hotelbirgit.com\/fr\/nos-amis\/\",\"name\":\"Des produits locaux de Berlin | Hotel BIRGIT Berlin Mitte\",\"isPartOf\":{\"@id\":\"https:\/\/berlin.hotelbirgit.com\/fr\/#website\"},\"datePublished\":\"2022-08-08T14:56:37+00:00\",\"dateModified\":\"2022-08-08T15:01:29+00:00\",\"description\":\"Chez B!RGIT, nous sour\u00e7ons aupr\u00e8s d\u2019entreprises locales les produits frais et sains (fruits, fromage, th\u00e9, vin et cocktails) de la carte de notre petit d\u00e9jeuner et de notre bar.\",\"breadcrumb\":{\"@id\":\"https:\/\/berlin.hotelbirgit.com\/fr\/nos-amis\/#breadcrumb\"},\"inLanguage\":\"fr-FR\",\"potentialAction\":[{\"@type\":\"ReadAction\",\"target\":[\"https:\/\/berlin.hotelbirgit.com\/fr\/nos-amis\/\"]}]},{\"@type\":\"BreadcrumbList\",\"@id\":\"https:\/\/berlin.hotelbirgit.com\/fr\/nos-amis\/#breadcrumb\",\"itemListElement\":[{\"@type\":\"ListItem\",\"position\":1,\"name\":\"Accueil\",\"item\":\"https:\/\/berlin.hotelbirgit.com\/fr\/\"},{\"@type\":\"ListItem\",\"position\":2,\"name\":\"NOS AMIS\"}]},{\"@type\":\"WebSite\",\"@id\":\"https:\/\/berlin.hotelbirgit.com\/fr\/#website\",\"url\":\"https:\/\/berlin.hotelbirgit.com\/fr\/\",\"name\":\"Birgit Berlin\",\"description\":\"Un site utilisant ms.decms.eu\",\"potentialAction\":[{\"@type\":\"SearchAction\",\"target\":{\"@type\":\"EntryPoint\",\"urlTemplate\":\"https:\/\/berlin.hotelbirgit.com\/fr\/?s={search_term_string}\"},\"query-input\":{\"@type\":\"PropertyValueSpecification\",\"valueRequired\":true,\"valueName\":\"search_term_string\"}}],\"inLanguage\":\"fr-FR\"}]}<\/script>\n<!-- \/ Yoast SEO plugin. -->","yoast_head_json":{"title":"Des produits locaux de Berlin | Hotel BIRGIT Berlin Mitte","description":"Chez B!RGIT, nous sour\u00e7ons aupr\u00e8s d\u2019entreprises locales les produits frais et sains (fruits, fromage, th\u00e9, vin et cocktails) de la carte de notre petit d\u00e9jeuner et de notre bar.","robots":{"index":"index","follow":"follow","max-snippet":"max-snippet:-1","max-image-preview":"max-image-preview:large","max-video-preview":"max-video-preview:-1"},"canonical":"https:\/\/berlin.hotelbirgit.com\/fr\/nos-amis\/","og_locale":"fr_FR","og_type":"article","og_title":"Des produits locaux de Berlin | Hotel BIRGIT Berlin Mitte","og_description":"Chez B!RGIT, nous sour\u00e7ons aupr\u00e8s d\u2019entreprises locales les produits frais et sains (fruits, fromage, th\u00e9, vin et cocktails) de la carte de notre petit d\u00e9jeuner et de notre bar.","og_url":"https:\/\/berlin.hotelbirgit.com\/fr\/nos-amis\/","og_site_name":"Birgit Berlin","article_modified_time":"2022-08-08T15:01:29+00:00","twitter_card":"summary_large_image","schema":{"@context":"https:\/\/schema.org","@graph":[{"@type":"WebPage","@id":"https:\/\/berlin.hotelbirgit.com\/fr\/nos-amis\/","url":"https:\/\/berlin.hotelbirgit.com\/fr\/nos-amis\/","name":"Des produits locaux de Berlin | Hotel BIRGIT Berlin Mitte","isPartOf":{"@id":"https:\/\/berlin.hotelbirgit.com\/fr\/#website"},"datePublished":"2022-08-08T14:56:37+00:00","dateModified":"2022-08-08T15:01:29+00:00","description":"Chez B!RGIT, nous sour\u00e7ons aupr\u00e8s d\u2019entreprises locales les produits frais et sains (fruits, fromage, th\u00e9, vin et cocktails) de la carte de notre petit d\u00e9jeuner et de notre bar.","breadcrumb":{"@id":"https:\/\/berlin.hotelbirgit.com\/fr\/nos-amis\/#breadcrumb"},"inLanguage":"fr-FR","potentialAction":[{"@type":"ReadAction","target":["https:\/\/berlin.hotelbirgit.com\/fr\/nos-amis\/"]}]},{"@type":"BreadcrumbList","@id":"https:\/\/berlin.hotelbirgit.com\/fr\/nos-amis\/#breadcrumb","itemListElement":[{"@type":"ListItem","position":1,"name":"Accueil","item":"https:\/\/berlin.hotelbirgit.com\/fr\/"},{"@type":"ListItem","position":2,"name":"NOS AMIS"}]},{"@type":"WebSite","@id":"https:\/\/berlin.hotelbirgit.com\/fr\/#website","url":"https:\/\/berlin.hotelbirgit.com\/fr\/","name":"Birgit Berlin","description":"Un site utilisant ms.decms.eu","potentialAction":[{"@type":"SearchAction","target":{"@type":"EntryPoint","urlTemplate":"https:\/\/berlin.hotelbirgit.com\/fr\/?s={search_term_string}"},"query-input":{"@type":"PropertyValueSpecification","valueRequired":true,"valueName":"search_term_string"}}],"inLanguage":"fr-FR"}]}},"acf":[],"_links":{"self":[{"href":"https:\/\/berlin.hotelbirgit.com\/fr\/wp-json\/wp\/v2\/pages\/209","targetHints":{"allow":["GET"]}}],"collection":[{"href":"https:\/\/berlin.hotelbirgit.com\/fr\/wp-json\/wp\/v2\/pages"}],"about":[{"href":"https:\/\/berlin.hotelbirgit.com\/fr\/wp-json\/wp\/v2\/types\/page"}],"author":[{"embeddable":true,"href":"https:\/\/berlin.hotelbirgit.com\/fr\/wp-json\/wp\/v2\/users\/15"}],"replies":[{"embeddable":true,"href":"https:\/\/berlin.hotelbirgit.com\/fr\/wp-json\/wp\/v2\/comments?post=209"}],"version-history":[{"count":0,"href":"https:\/\/berlin.hotelbirgit.com\/fr\/wp-json\/wp\/v2\/pages\/209\/revisions"}],"wp:attachment":[{"href":"https:\/\/berlin.hotelbirgit.com\/fr\/wp-json\/wp\/v2\/media?parent=209"}],"curies":[{"name":"wp","href":"https:\/\/api.w.org\/{rel}","templated":true}]}}