{"id":206,"date":"2022-08-08T16:35:44","date_gmt":"2022-08-08T14:35:44","guid":{"rendered":"https:\/\/berlin.ms.decms.eu\/?page_id=206"},"modified":"2023-04-20T09:08:57","modified_gmt":"2023-04-20T07:08:57","slug":"bgreen","status":"publish","type":"page","link":"https:\/\/berlin.hotelbirgit.com\/fr\/bgreen\/","title":{"rendered":"B!GREEN"},"content":{"rendered":"","protected":false},"excerpt":{"rendered":"","protected":false},"author":15,"featured_media":0,"parent":0,"menu_order":0,"comment_status":"closed","ping_status":"closed","template":"template-default-3.php","meta":{"footnotes":""},"class_list":["post-206","page","type-page","status-publish","hentry"],"yoast_head":"<!-- This site is optimized with the Yoast SEO plugin v26.9 - https:\/\/yoast.com\/product\/yoast-seo-wordpress\/ -->\n<title>Un h\u00f4tel \u00e9co-responsable \u00e0 Berlin | Hotel BIRGIT Berlin Mitte<\/title>\n<meta name=\"description\" content=\"R\u00e9servez votre s\u00e9jour \u00e0 l\u2019Hotel B!RGIT, dans le quartier anim\u00e9 de Mitte\/Prenzlauer Berg. Tout le monde est bienvenu chez B!RGIT, un h\u00f4tel lifestyle chaleureux.\" \/>\n<meta name=\"robots\" content=\"index, follow, max-snippet:-1, max-image-preview:large, max-video-preview:-1\" \/>\n<link rel=\"canonical\" href=\"https:\/\/berlin.hotelbirgit.com\/fr\/bgreen\/\" \/>\n<meta property=\"og:locale\" content=\"fr_FR\" \/>\n<meta property=\"og:type\" content=\"article\" \/>\n<meta property=\"og:title\" content=\"Un h\u00f4tel \u00e9co-responsable \u00e0 Berlin | Hotel BIRGIT Berlin Mitte\" \/>\n<meta property=\"og:description\" content=\"R\u00e9servez votre s\u00e9jour \u00e0 l\u2019Hotel B!RGIT, dans le quartier anim\u00e9 de Mitte\/Prenzlauer Berg. Tout le monde est bienvenu chez B!RGIT, un h\u00f4tel lifestyle chaleureux.\" \/>\n<meta property=\"og:url\" content=\"https:\/\/berlin.hotelbirgit.com\/fr\/bgreen\/\" \/>\n<meta property=\"og:site_name\" content=\"Birgit Berlin\" \/>\n<meta property=\"article:modified_time\" content=\"2023-04-20T07:08:57+00:00\" \/>\n<meta name=\"twitter:card\" content=\"summary_large_image\" \/>\n<script type=\"application\/ld+json\" class=\"yoast-schema-graph\">{\"@context\":\"https:\/\/schema.org\",\"@graph\":[{\"@type\":\"WebPage\",\"@id\":\"https:\/\/berlin.hotelbirgit.com\/fr\/bgreen\/\",\"url\":\"https:\/\/berlin.hotelbirgit.com\/fr\/bgreen\/\",\"name\":\"Un h\u00f4tel \u00e9co-responsable \u00e0 Berlin | Hotel BIRGIT Berlin Mitte\",\"isPartOf\":{\"@id\":\"https:\/\/berlin.hotelbirgit.com\/fr\/#website\"},\"datePublished\":\"2022-08-08T14:35:44+00:00\",\"dateModified\":\"2023-04-20T07:08:57+00:00\",\"description\":\"R\u00e9servez votre s\u00e9jour \u00e0 l\u2019Hotel B!RGIT, dans le quartier anim\u00e9 de Mitte\/Prenzlauer Berg. Tout le monde est bienvenu chez B!RGIT, un h\u00f4tel lifestyle chaleureux.\",\"breadcrumb\":{\"@id\":\"https:\/\/berlin.hotelbirgit.com\/fr\/bgreen\/#breadcrumb\"},\"inLanguage\":\"fr-FR\",\"potentialAction\":[{\"@type\":\"ReadAction\",\"target\":[\"https:\/\/berlin.hotelbirgit.com\/fr\/bgreen\/\"]}]},{\"@type\":\"BreadcrumbList\",\"@id\":\"https:\/\/berlin.hotelbirgit.com\/fr\/bgreen\/#breadcrumb\",\"itemListElement\":[{\"@type\":\"ListItem\",\"position\":1,\"name\":\"Accueil\",\"item\":\"https:\/\/berlin.hotelbirgit.com\/fr\/\"},{\"@type\":\"ListItem\",\"position\":2,\"name\":\"B!GREEN\"}]},{\"@type\":\"WebSite\",\"@id\":\"https:\/\/berlin.hotelbirgit.com\/fr\/#website\",\"url\":\"https:\/\/berlin.hotelbirgit.com\/fr\/\",\"name\":\"Birgit Berlin\",\"description\":\"Un site utilisant ms.decms.eu\",\"potentialAction\":[{\"@type\":\"SearchAction\",\"target\":{\"@type\":\"EntryPoint\",\"urlTemplate\":\"https:\/\/berlin.hotelbirgit.com\/fr\/?s={search_term_string}\"},\"query-input\":{\"@type\":\"PropertyValueSpecification\",\"valueRequired\":true,\"valueName\":\"search_term_string\"}}],\"inLanguage\":\"fr-FR\"}]}<\/script>\n<!-- \/ Yoast SEO plugin. -->","yoast_head_json":{"title":"Un h\u00f4tel \u00e9co-responsable \u00e0 Berlin | Hotel BIRGIT Berlin Mitte","description":"R\u00e9servez votre s\u00e9jour \u00e0 l\u2019Hotel B!RGIT, dans le quartier anim\u00e9 de Mitte\/Prenzlauer Berg. Tout le monde est bienvenu chez B!RGIT, un h\u00f4tel lifestyle chaleureux.","robots":{"index":"index","follow":"follow","max-snippet":"max-snippet:-1","max-image-preview":"max-image-preview:large","max-video-preview":"max-video-preview:-1"},"canonical":"https:\/\/berlin.hotelbirgit.com\/fr\/bgreen\/","og_locale":"fr_FR","og_type":"article","og_title":"Un h\u00f4tel \u00e9co-responsable \u00e0 Berlin | Hotel BIRGIT Berlin Mitte","og_description":"R\u00e9servez votre s\u00e9jour \u00e0 l\u2019Hotel B!RGIT, dans le quartier anim\u00e9 de Mitte\/Prenzlauer Berg. Tout le monde est bienvenu chez B!RGIT, un h\u00f4tel lifestyle chaleureux.","og_url":"https:\/\/berlin.hotelbirgit.com\/fr\/bgreen\/","og_site_name":"Birgit Berlin","article_modified_time":"2023-04-20T07:08:57+00:00","twitter_card":"summary_large_image","schema":{"@context":"https:\/\/schema.org","@graph":[{"@type":"WebPage","@id":"https:\/\/berlin.hotelbirgit.com\/fr\/bgreen\/","url":"https:\/\/berlin.hotelbirgit.com\/fr\/bgreen\/","name":"Un h\u00f4tel \u00e9co-responsable \u00e0 Berlin | Hotel BIRGIT Berlin Mitte","isPartOf":{"@id":"https:\/\/berlin.hotelbirgit.com\/fr\/#website"},"datePublished":"2022-08-08T14:35:44+00:00","dateModified":"2023-04-20T07:08:57+00:00","description":"R\u00e9servez votre s\u00e9jour \u00e0 l\u2019Hotel B!RGIT, dans le quartier anim\u00e9 de Mitte\/Prenzlauer Berg. Tout le monde est bienvenu chez B!RGIT, un h\u00f4tel lifestyle chaleureux.","breadcrumb":{"@id":"https:\/\/berlin.hotelbirgit.com\/fr\/bgreen\/#breadcrumb"},"inLanguage":"fr-FR","potentialAction":[{"@type":"ReadAction","target":["https:\/\/berlin.hotelbirgit.com\/fr\/bgreen\/"]}]},{"@type":"BreadcrumbList","@id":"https:\/\/berlin.hotelbirgit.com\/fr\/bgreen\/#breadcrumb","itemListElement":[{"@type":"ListItem","position":1,"name":"Accueil","item":"https:\/\/berlin.hotelbirgit.com\/fr\/"},{"@type":"ListItem","position":2,"name":"B!GREEN"}]},{"@type":"WebSite","@id":"https:\/\/berlin.hotelbirgit.com\/fr\/#website","url":"https:\/\/berlin.hotelbirgit.com\/fr\/","name":"Birgit Berlin","description":"Un site utilisant ms.decms.eu","potentialAction":[{"@type":"SearchAction","target":{"@type":"EntryPoint","urlTemplate":"https:\/\/berlin.hotelbirgit.com\/fr\/?s={search_term_string}"},"query-input":{"@type":"PropertyValueSpecification","valueRequired":true,"valueName":"search_term_string"}}],"inLanguage":"fr-FR"}]}},"acf":[],"_links":{"self":[{"href":"https:\/\/berlin.hotelbirgit.com\/fr\/wp-json\/wp\/v2\/pages\/206","targetHints":{"allow":["GET"]}}],"collection":[{"href":"https:\/\/berlin.hotelbirgit.com\/fr\/wp-json\/wp\/v2\/pages"}],"about":[{"href":"https:\/\/berlin.hotelbirgit.com\/fr\/wp-json\/wp\/v2\/types\/page"}],"author":[{"embeddable":true,"href":"https:\/\/berlin.hotelbirgit.com\/fr\/wp-json\/wp\/v2\/users\/15"}],"replies":[{"embeddable":true,"href":"https:\/\/berlin.hotelbirgit.com\/fr\/wp-json\/wp\/v2\/comments?post=206"}],"version-history":[{"count":0,"href":"https:\/\/berlin.hotelbirgit.com\/fr\/wp-json\/wp\/v2\/pages\/206\/revisions"}],"wp:attachment":[{"href":"https:\/\/berlin.hotelbirgit.com\/fr\/wp-json\/wp\/v2\/media?parent=206"}],"curies":[{"name":"wp","href":"https:\/\/api.w.org\/{rel}","templated":true}]}}