{"id":205,"date":"2022-08-08T16:30:14","date_gmt":"2022-08-08T14:30:14","guid":{"rendered":"https:\/\/berlin.ms.decms.eu\/?page_id=205"},"modified":"2022-08-08T16:34:30","modified_gmt":"2022-08-08T14:34:30","slug":"petit-dejeuner","status":"publish","type":"page","link":"https:\/\/berlin.hotelbirgit.com\/fr\/petit-dejeuner\/","title":{"rendered":"Petit-d\u00e9jeuner"},"content":{"rendered":"<p>Notre petit-d\u00e9jeuner \u00e0 la carte, vari\u00e9 et sain, comprend une s\u00e9lection de fruits, de produits laitiers (ainsi que du fromage), de la charcuterie, du th\u00e9, du caf\u00e9 et des jus de fruits de saison. Nous pouvons aussi vous pr\u00e9parer des \u0153ufs brouill\u00e9s, agr\u00e9ment\u00e9s de quelques herbes aromatiques de notre jardin.<\/p>\n<p>Sur demande, nous r\u00e9pondons \u00e0 vos besoins sp\u00e9cifiques (v\u00e9g\u00e9tarien, v\u00e9gan, sans gluten ou sans produits laitiers).<\/p>\n<p>Quelques-uns de nos fournisseurs locaux :<br \/>\nPure Tea<br \/>\nWilken Seasonal Juices<br \/>\nAzul Bio Caf\u00e9<\/p>\n","protected":false},"excerpt":{"rendered":"<p>Notre petit-d\u00e9jeuner \u00e0 la carte, vari\u00e9 et sain, comprend une s\u00e9lection de fruits, de produits laitiers (ainsi que du fromage), de la charcuterie, du th\u00e9, du caf\u00e9 et des jus de fruits de saison. Nous pouvons aussi vous pr\u00e9parer des \u0153ufs brouill\u00e9s, agr\u00e9ment\u00e9s de quelques herbes aromatiques de notre jardin. Sur demande, nous r\u00e9pondons \u00e0 [&hellip;]<\/p>\n","protected":false},"author":15,"featured_media":0,"parent":0,"menu_order":0,"comment_status":"closed","ping_status":"closed","template":"template-default-3.php","meta":{"footnotes":""},"class_list":["post-205","page","type-page","status-publish","hentry"],"yoast_head":"<!-- This site is optimized with the Yoast SEO plugin v26.9 - https:\/\/yoast.com\/product\/yoast-seo-wordpress\/ -->\n<title>Un petit-d\u00e9jeuner vari\u00e9 compos\u00e9 de produits locaux et de saison | Hotel BIRGIT Berlin Mitte<\/title>\n<meta name=\"description\" content=\"Savourez un petit-d\u00e9jeuner sain et vari\u00e9, compos\u00e9 de produits locaux, dans notre magnifique h\u00f4tel ou son jardin, v\u00e9ritable havre de paix dans le quartier anim\u00e9 de Prenzlauer Berg \u00e0 Berlin.\" \/>\n<meta name=\"robots\" content=\"index, follow, max-snippet:-1, max-image-preview:large, max-video-preview:-1\" \/>\n<link rel=\"canonical\" href=\"https:\/\/berlin.hotelbirgit.com\/fr\/petit-dejeuner\/\" \/>\n<meta property=\"og:locale\" content=\"fr_FR\" \/>\n<meta property=\"og:type\" content=\"article\" \/>\n<meta property=\"og:title\" content=\"Un petit-d\u00e9jeuner vari\u00e9 compos\u00e9 de produits locaux et de saison | Hotel BIRGIT Berlin Mitte\" \/>\n<meta property=\"og:description\" content=\"Savourez un petit-d\u00e9jeuner sain et vari\u00e9, compos\u00e9 de produits locaux, dans notre magnifique h\u00f4tel ou son jardin, v\u00e9ritable havre de paix dans le quartier anim\u00e9 de Prenzlauer Berg \u00e0 Berlin.\" \/>\n<meta property=\"og:url\" content=\"https:\/\/berlin.hotelbirgit.com\/fr\/petit-dejeuner\/\" \/>\n<meta property=\"og:site_name\" content=\"Birgit Berlin\" \/>\n<meta property=\"article:modified_time\" content=\"2022-08-08T14:34:30+00:00\" \/>\n<meta name=\"twitter:card\" content=\"summary_large_image\" \/>\n<script type=\"application\/ld+json\" class=\"yoast-schema-graph\">{\"@context\":\"https:\/\/schema.org\",\"@graph\":[{\"@type\":\"WebPage\",\"@id\":\"https:\/\/berlin.hotelbirgit.com\/fr\/petit-dejeuner\/\",\"url\":\"https:\/\/berlin.hotelbirgit.com\/fr\/petit-dejeuner\/\",\"name\":\"Un petit-d\u00e9jeuner vari\u00e9 compos\u00e9 de produits locaux et de saison | Hotel BIRGIT Berlin Mitte\",\"isPartOf\":{\"@id\":\"https:\/\/berlin.hotelbirgit.com\/fr\/#website\"},\"datePublished\":\"2022-08-08T14:30:14+00:00\",\"dateModified\":\"2022-08-08T14:34:30+00:00\",\"description\":\"Savourez un petit-d\u00e9jeuner sain et vari\u00e9, compos\u00e9 de produits locaux, dans notre magnifique h\u00f4tel ou son jardin, v\u00e9ritable havre de paix dans le quartier anim\u00e9 de Prenzlauer Berg \u00e0 Berlin.\",\"breadcrumb\":{\"@id\":\"https:\/\/berlin.hotelbirgit.com\/fr\/petit-dejeuner\/#breadcrumb\"},\"inLanguage\":\"fr-FR\",\"potentialAction\":[{\"@type\":\"ReadAction\",\"target\":[\"https:\/\/berlin.hotelbirgit.com\/fr\/petit-dejeuner\/\"]}]},{\"@type\":\"BreadcrumbList\",\"@id\":\"https:\/\/berlin.hotelbirgit.com\/fr\/petit-dejeuner\/#breadcrumb\",\"itemListElement\":[{\"@type\":\"ListItem\",\"position\":1,\"name\":\"Accueil\",\"item\":\"https:\/\/berlin.hotelbirgit.com\/fr\/\"},{\"@type\":\"ListItem\",\"position\":2,\"name\":\"Petit-d\u00e9jeuner\"}]},{\"@type\":\"WebSite\",\"@id\":\"https:\/\/berlin.hotelbirgit.com\/fr\/#website\",\"url\":\"https:\/\/berlin.hotelbirgit.com\/fr\/\",\"name\":\"Birgit Berlin\",\"description\":\"Un site utilisant ms.decms.eu\",\"potentialAction\":[{\"@type\":\"SearchAction\",\"target\":{\"@type\":\"EntryPoint\",\"urlTemplate\":\"https:\/\/berlin.hotelbirgit.com\/fr\/?s={search_term_string}\"},\"query-input\":{\"@type\":\"PropertyValueSpecification\",\"valueRequired\":true,\"valueName\":\"search_term_string\"}}],\"inLanguage\":\"fr-FR\"}]}<\/script>\n<!-- \/ Yoast SEO plugin. -->","yoast_head_json":{"title":"Un petit-d\u00e9jeuner vari\u00e9 compos\u00e9 de produits locaux et de saison | Hotel BIRGIT Berlin Mitte","description":"Savourez un petit-d\u00e9jeuner sain et vari\u00e9, compos\u00e9 de produits locaux, dans notre magnifique h\u00f4tel ou son jardin, v\u00e9ritable havre de paix dans le quartier anim\u00e9 de Prenzlauer Berg \u00e0 Berlin.","robots":{"index":"index","follow":"follow","max-snippet":"max-snippet:-1","max-image-preview":"max-image-preview:large","max-video-preview":"max-video-preview:-1"},"canonical":"https:\/\/berlin.hotelbirgit.com\/fr\/petit-dejeuner\/","og_locale":"fr_FR","og_type":"article","og_title":"Un petit-d\u00e9jeuner vari\u00e9 compos\u00e9 de produits locaux et de saison | Hotel BIRGIT Berlin Mitte","og_description":"Savourez un petit-d\u00e9jeuner sain et vari\u00e9, compos\u00e9 de produits locaux, dans notre magnifique h\u00f4tel ou son jardin, v\u00e9ritable havre de paix dans le quartier anim\u00e9 de Prenzlauer Berg \u00e0 Berlin.","og_url":"https:\/\/berlin.hotelbirgit.com\/fr\/petit-dejeuner\/","og_site_name":"Birgit Berlin","article_modified_time":"2022-08-08T14:34:30+00:00","twitter_card":"summary_large_image","schema":{"@context":"https:\/\/schema.org","@graph":[{"@type":"WebPage","@id":"https:\/\/berlin.hotelbirgit.com\/fr\/petit-dejeuner\/","url":"https:\/\/berlin.hotelbirgit.com\/fr\/petit-dejeuner\/","name":"Un petit-d\u00e9jeuner vari\u00e9 compos\u00e9 de produits locaux et de saison | Hotel BIRGIT Berlin Mitte","isPartOf":{"@id":"https:\/\/berlin.hotelbirgit.com\/fr\/#website"},"datePublished":"2022-08-08T14:30:14+00:00","dateModified":"2022-08-08T14:34:30+00:00","description":"Savourez un petit-d\u00e9jeuner sain et vari\u00e9, compos\u00e9 de produits locaux, dans notre magnifique h\u00f4tel ou son jardin, v\u00e9ritable havre de paix dans le quartier anim\u00e9 de Prenzlauer Berg \u00e0 Berlin.","breadcrumb":{"@id":"https:\/\/berlin.hotelbirgit.com\/fr\/petit-dejeuner\/#breadcrumb"},"inLanguage":"fr-FR","potentialAction":[{"@type":"ReadAction","target":["https:\/\/berlin.hotelbirgit.com\/fr\/petit-dejeuner\/"]}]},{"@type":"BreadcrumbList","@id":"https:\/\/berlin.hotelbirgit.com\/fr\/petit-dejeuner\/#breadcrumb","itemListElement":[{"@type":"ListItem","position":1,"name":"Accueil","item":"https:\/\/berlin.hotelbirgit.com\/fr\/"},{"@type":"ListItem","position":2,"name":"Petit-d\u00e9jeuner"}]},{"@type":"WebSite","@id":"https:\/\/berlin.hotelbirgit.com\/fr\/#website","url":"https:\/\/berlin.hotelbirgit.com\/fr\/","name":"Birgit Berlin","description":"Un site utilisant ms.decms.eu","potentialAction":[{"@type":"SearchAction","target":{"@type":"EntryPoint","urlTemplate":"https:\/\/berlin.hotelbirgit.com\/fr\/?s={search_term_string}"},"query-input":{"@type":"PropertyValueSpecification","valueRequired":true,"valueName":"search_term_string"}}],"inLanguage":"fr-FR"}]}},"acf":[],"_links":{"self":[{"href":"https:\/\/berlin.hotelbirgit.com\/fr\/wp-json\/wp\/v2\/pages\/205","targetHints":{"allow":["GET"]}}],"collection":[{"href":"https:\/\/berlin.hotelbirgit.com\/fr\/wp-json\/wp\/v2\/pages"}],"about":[{"href":"https:\/\/berlin.hotelbirgit.com\/fr\/wp-json\/wp\/v2\/types\/page"}],"author":[{"embeddable":true,"href":"https:\/\/berlin.hotelbirgit.com\/fr\/wp-json\/wp\/v2\/users\/15"}],"replies":[{"embeddable":true,"href":"https:\/\/berlin.hotelbirgit.com\/fr\/wp-json\/wp\/v2\/comments?post=205"}],"version-history":[{"count":0,"href":"https:\/\/berlin.hotelbirgit.com\/fr\/wp-json\/wp\/v2\/pages\/205\/revisions"}],"wp:attachment":[{"href":"https:\/\/berlin.hotelbirgit.com\/fr\/wp-json\/wp\/v2\/media?parent=205"}],"curies":[{"name":"wp","href":"https:\/\/api.w.org\/{rel}","templated":true}]}}