{"id":195,"date":"2022-08-08T12:20:52","date_gmt":"2022-08-08T10:20:52","guid":{"rendered":"https:\/\/berlin.ms.decms.eu\/?page_id=195"},"modified":"2025-08-06T16:29:11","modified_gmt":"2025-08-06T14:29:11","slug":"couple","status":"publish","type":"page","link":"https:\/\/berlin.hotelbirgit.com\/fr\/nos-chambres\/couple\/","title":{"rendered":"CHAMBRE DOUBLE"},"content":{"rendered":"<p>Choisissez nos chambres doubles avec lit queen-size, un v\u00e9ritable cocon pour les couples, ou rien que pour soi !<br \/>\nBesoin de travailler ? Demandez une chambre avec bureau !<\/p>\n","protected":false},"excerpt":{"rendered":"<p>Choisissez nos chambres doubles avec lit queen-size, un v\u00e9ritable cocon pour les couples, ou rien que pour soi ! Besoin de travailler ? Demandez une chambre avec bureau !<\/p>\n","protected":false},"author":15,"featured_media":0,"parent":194,"menu_order":10,"comment_status":"closed","ping_status":"closed","template":"template-single-room.php","meta":{"footnotes":""},"class_list":["post-195","page","type-page","status-publish","hentry"],"yoast_head":"<!-- This site is optimized with the Yoast SEO plugin v26.9 - https:\/\/yoast.com\/product\/yoast-seo-wordpress\/ -->\n<title>Hotel BIRGIT Berlin Mitte | Des chambres cosy pour deux<\/title>\n<meta name=\"description\" content=\"R\u00e9server une chambre double pour deux ou en solo. Tout le monde est bienvenu chez B!RGIT, un h\u00f4tel lifestyle \u00e9co-responsable \u00e0 Berlin.\" \/>\n<meta name=\"robots\" content=\"index, follow, max-snippet:-1, max-image-preview:large, max-video-preview:-1\" \/>\n<link rel=\"canonical\" href=\"https:\/\/berlin.hotelbirgit.com\/fr\/nos-chambres\/couple\/\" \/>\n<meta property=\"og:locale\" content=\"fr_FR\" \/>\n<meta property=\"og:type\" content=\"article\" \/>\n<meta property=\"og:title\" content=\"Hotel BIRGIT Berlin Mitte | Des chambres cosy pour deux\" \/>\n<meta property=\"og:description\" content=\"R\u00e9server une chambre double pour deux ou en solo. Tout le monde est bienvenu chez B!RGIT, un h\u00f4tel lifestyle \u00e9co-responsable \u00e0 Berlin.\" \/>\n<meta property=\"og:url\" content=\"https:\/\/berlin.hotelbirgit.com\/fr\/nos-chambres\/couple\/\" \/>\n<meta property=\"og:site_name\" content=\"Birgit Berlin\" \/>\n<meta property=\"article:modified_time\" content=\"2025-08-06T14:29:11+00:00\" \/>\n<meta name=\"twitter:card\" content=\"summary_large_image\" \/>\n<meta name=\"twitter:label1\" content=\"Dur\u00e9e de lecture estim\u00e9e\" \/>\n\t<meta name=\"twitter:data1\" content=\"1 minute\" \/>\n<script type=\"application\/ld+json\" class=\"yoast-schema-graph\">{\"@context\":\"https:\/\/schema.org\",\"@graph\":[{\"@type\":\"WebPage\",\"@id\":\"https:\/\/berlin.hotelbirgit.com\/fr\/nos-chambres\/couple\/\",\"url\":\"https:\/\/berlin.hotelbirgit.com\/fr\/nos-chambres\/couple\/\",\"name\":\"Hotel BIRGIT Berlin Mitte | Des chambres cosy pour deux\",\"isPartOf\":{\"@id\":\"https:\/\/berlin.hotelbirgit.com\/fr\/#website\"},\"datePublished\":\"2022-08-08T10:20:52+00:00\",\"dateModified\":\"2025-08-06T14:29:11+00:00\",\"description\":\"R\u00e9server une chambre double pour deux ou en solo. Tout le monde est bienvenu chez B!RGIT, un h\u00f4tel lifestyle \u00e9co-responsable \u00e0 Berlin.\",\"breadcrumb\":{\"@id\":\"https:\/\/berlin.hotelbirgit.com\/fr\/nos-chambres\/couple\/#breadcrumb\"},\"inLanguage\":\"fr-FR\",\"potentialAction\":[{\"@type\":\"ReadAction\",\"target\":[\"https:\/\/berlin.hotelbirgit.com\/fr\/nos-chambres\/couple\/\"]}]},{\"@type\":\"BreadcrumbList\",\"@id\":\"https:\/\/berlin.hotelbirgit.com\/fr\/nos-chambres\/couple\/#breadcrumb\",\"itemListElement\":[{\"@type\":\"ListItem\",\"position\":1,\"name\":\"Accueil\",\"item\":\"https:\/\/berlin.hotelbirgit.com\/fr\/\"},{\"@type\":\"ListItem\",\"position\":2,\"name\":\"NOS CHAMBRES\",\"item\":\"https:\/\/berlin.hotelbirgit.com\/fr\/nos-chambres\/\"},{\"@type\":\"ListItem\",\"position\":3,\"name\":\"CHAMBRE DOUBLE\"}]},{\"@type\":\"WebSite\",\"@id\":\"https:\/\/berlin.hotelbirgit.com\/fr\/#website\",\"url\":\"https:\/\/berlin.hotelbirgit.com\/fr\/\",\"name\":\"Birgit Berlin\",\"description\":\"Un site utilisant ms.decms.eu\",\"potentialAction\":[{\"@type\":\"SearchAction\",\"target\":{\"@type\":\"EntryPoint\",\"urlTemplate\":\"https:\/\/berlin.hotelbirgit.com\/fr\/?s={search_term_string}\"},\"query-input\":{\"@type\":\"PropertyValueSpecification\",\"valueRequired\":true,\"valueName\":\"search_term_string\"}}],\"inLanguage\":\"fr-FR\"}]}<\/script>\n<!-- \/ Yoast SEO plugin. -->","yoast_head_json":{"title":"Hotel BIRGIT Berlin Mitte | Des chambres cosy pour deux","description":"R\u00e9server une chambre double pour deux ou en solo. Tout le monde est bienvenu chez B!RGIT, un h\u00f4tel lifestyle \u00e9co-responsable \u00e0 Berlin.","robots":{"index":"index","follow":"follow","max-snippet":"max-snippet:-1","max-image-preview":"max-image-preview:large","max-video-preview":"max-video-preview:-1"},"canonical":"https:\/\/berlin.hotelbirgit.com\/fr\/nos-chambres\/couple\/","og_locale":"fr_FR","og_type":"article","og_title":"Hotel BIRGIT Berlin Mitte | Des chambres cosy pour deux","og_description":"R\u00e9server une chambre double pour deux ou en solo. Tout le monde est bienvenu chez B!RGIT, un h\u00f4tel lifestyle \u00e9co-responsable \u00e0 Berlin.","og_url":"https:\/\/berlin.hotelbirgit.com\/fr\/nos-chambres\/couple\/","og_site_name":"Birgit Berlin","article_modified_time":"2025-08-06T14:29:11+00:00","twitter_card":"summary_large_image","twitter_misc":{"Dur\u00e9e de lecture estim\u00e9e":"1 minute"},"schema":{"@context":"https:\/\/schema.org","@graph":[{"@type":"WebPage","@id":"https:\/\/berlin.hotelbirgit.com\/fr\/nos-chambres\/couple\/","url":"https:\/\/berlin.hotelbirgit.com\/fr\/nos-chambres\/couple\/","name":"Hotel BIRGIT Berlin Mitte | Des chambres cosy pour deux","isPartOf":{"@id":"https:\/\/berlin.hotelbirgit.com\/fr\/#website"},"datePublished":"2022-08-08T10:20:52+00:00","dateModified":"2025-08-06T14:29:11+00:00","description":"R\u00e9server une chambre double pour deux ou en solo. Tout le monde est bienvenu chez B!RGIT, un h\u00f4tel lifestyle \u00e9co-responsable \u00e0 Berlin.","breadcrumb":{"@id":"https:\/\/berlin.hotelbirgit.com\/fr\/nos-chambres\/couple\/#breadcrumb"},"inLanguage":"fr-FR","potentialAction":[{"@type":"ReadAction","target":["https:\/\/berlin.hotelbirgit.com\/fr\/nos-chambres\/couple\/"]}]},{"@type":"BreadcrumbList","@id":"https:\/\/berlin.hotelbirgit.com\/fr\/nos-chambres\/couple\/#breadcrumb","itemListElement":[{"@type":"ListItem","position":1,"name":"Accueil","item":"https:\/\/berlin.hotelbirgit.com\/fr\/"},{"@type":"ListItem","position":2,"name":"NOS CHAMBRES","item":"https:\/\/berlin.hotelbirgit.com\/fr\/nos-chambres\/"},{"@type":"ListItem","position":3,"name":"CHAMBRE DOUBLE"}]},{"@type":"WebSite","@id":"https:\/\/berlin.hotelbirgit.com\/fr\/#website","url":"https:\/\/berlin.hotelbirgit.com\/fr\/","name":"Birgit Berlin","description":"Un site utilisant ms.decms.eu","potentialAction":[{"@type":"SearchAction","target":{"@type":"EntryPoint","urlTemplate":"https:\/\/berlin.hotelbirgit.com\/fr\/?s={search_term_string}"},"query-input":{"@type":"PropertyValueSpecification","valueRequired":true,"valueName":"search_term_string"}}],"inLanguage":"fr-FR"}]}},"acf":[],"_links":{"self":[{"href":"https:\/\/berlin.hotelbirgit.com\/fr\/wp-json\/wp\/v2\/pages\/195","targetHints":{"allow":["GET"]}}],"collection":[{"href":"https:\/\/berlin.hotelbirgit.com\/fr\/wp-json\/wp\/v2\/pages"}],"about":[{"href":"https:\/\/berlin.hotelbirgit.com\/fr\/wp-json\/wp\/v2\/types\/page"}],"author":[{"embeddable":true,"href":"https:\/\/berlin.hotelbirgit.com\/fr\/wp-json\/wp\/v2\/users\/15"}],"replies":[{"embeddable":true,"href":"https:\/\/berlin.hotelbirgit.com\/fr\/wp-json\/wp\/v2\/comments?post=195"}],"version-history":[{"count":0,"href":"https:\/\/berlin.hotelbirgit.com\/fr\/wp-json\/wp\/v2\/pages\/195\/revisions"}],"up":[{"embeddable":true,"href":"https:\/\/berlin.hotelbirgit.com\/fr\/wp-json\/wp\/v2\/pages\/194"}],"wp:attachment":[{"href":"https:\/\/berlin.hotelbirgit.com\/fr\/wp-json\/wp\/v2\/media?parent=195"}],"curies":[{"name":"wp","href":"https:\/\/api.w.org\/{rel}","templated":true}]}}