{"id":194,"date":"2022-08-08T12:17:22","date_gmt":"2022-08-08T10:17:22","guid":{"rendered":"https:\/\/berlin.ms.decms.eu\/?page_id=194"},"modified":"2025-08-06T16:46:48","modified_gmt":"2025-08-06T14:46:48","slug":"nos-chambres","status":"publish","type":"page","link":"https:\/\/berlin.hotelbirgit.com\/fr\/nos-chambres\/","title":{"rendered":"NOS CHAMBRES"},"content":{"rendered":"<p style=\"text-align: center\">Nos chambres chaleureuses sont le choix id\u00e9al pour un s\u00e9jour en couple, entre amis, en famille ou en solo.<\/p>\n<p style=\"text-align: center\">Choisissez la chambre qui convient le mieux \u00e0 vos besoins, profitez d\u2019une vue sur le jardin, d\u2019un balcon (avec nos chambre confort liberty), d\u2019un bureau pour travailler ou tout simplement de cet espace douillet pour un voyageur seul (avec nos chambres <strong>single<\/strong>).<\/p>\n","protected":false},"excerpt":{"rendered":"<p>Nos chambres chaleureuses sont le choix id\u00e9al pour un s\u00e9jour en couple, entre amis, en famille ou en solo. Choisissez la chambre qui convient le mieux \u00e0 vos besoins, profitez d\u2019une vue sur le jardin, d\u2019un balcon (avec nos chambre confort liberty), d\u2019un bureau pour travailler ou tout simplement de cet espace douillet pour un [&hellip;]<\/p>\n","protected":false},"author":15,"featured_media":0,"parent":0,"menu_order":0,"comment_status":"closed","ping_status":"closed","template":"template-rooms.php","meta":{"footnotes":""},"class_list":["post-194","page","type-page","status-publish","hentry"],"yoast_head":"<!-- This site is optimized with the Yoast SEO plugin v26.9 - https:\/\/yoast.com\/product\/yoast-seo-wordpress\/ -->\n<title>Hotel BIRGIT Berlin Mitte | Un h\u00f4tel chaleureux et accueillant<\/title>\n<meta name=\"description\" content=\"R\u00e9servez l\u2019une de nos chambres chaleureuses pour votre voyage au Havre ou votre d\u00e9placement professionnel. Tout le monde est bienvenu chez B!RGIT, un h\u00f4tel lifestyle \u00e9co-responsable chaleureux.\" \/>\n<meta name=\"robots\" content=\"index, follow, max-snippet:-1, max-image-preview:large, max-video-preview:-1\" \/>\n<link rel=\"canonical\" href=\"https:\/\/berlin.hotelbirgit.com\/fr\/nos-chambres\/\" \/>\n<meta property=\"og:locale\" content=\"fr_FR\" \/>\n<meta property=\"og:type\" content=\"article\" \/>\n<meta property=\"og:title\" content=\"Hotel BIRGIT Berlin Mitte | Un h\u00f4tel chaleureux et accueillant\" \/>\n<meta property=\"og:description\" content=\"R\u00e9servez l\u2019une de nos chambres chaleureuses pour votre voyage au Havre ou votre d\u00e9placement professionnel. Tout le monde est bienvenu chez B!RGIT, un h\u00f4tel lifestyle \u00e9co-responsable chaleureux.\" \/>\n<meta property=\"og:url\" content=\"https:\/\/berlin.hotelbirgit.com\/fr\/nos-chambres\/\" \/>\n<meta property=\"og:site_name\" content=\"Birgit Berlin\" \/>\n<meta property=\"article:modified_time\" content=\"2025-08-06T14:46:48+00:00\" \/>\n<meta name=\"twitter:card\" content=\"summary_large_image\" \/>\n<meta name=\"twitter:label1\" content=\"Dur\u00e9e de lecture estim\u00e9e\" \/>\n\t<meta name=\"twitter:data1\" content=\"1 minute\" \/>\n<script type=\"application\/ld+json\" class=\"yoast-schema-graph\">{\"@context\":\"https:\/\/schema.org\",\"@graph\":[{\"@type\":\"WebPage\",\"@id\":\"https:\/\/berlin.hotelbirgit.com\/fr\/nos-chambres\/\",\"url\":\"https:\/\/berlin.hotelbirgit.com\/fr\/nos-chambres\/\",\"name\":\"Hotel BIRGIT Berlin Mitte | Un h\u00f4tel chaleureux et accueillant\",\"isPartOf\":{\"@id\":\"https:\/\/berlin.hotelbirgit.com\/fr\/#website\"},\"datePublished\":\"2022-08-08T10:17:22+00:00\",\"dateModified\":\"2025-08-06T14:46:48+00:00\",\"description\":\"R\u00e9servez l\u2019une de nos chambres chaleureuses pour votre voyage au Havre ou votre d\u00e9placement professionnel. Tout le monde est bienvenu chez B!RGIT, un h\u00f4tel lifestyle \u00e9co-responsable chaleureux.\",\"breadcrumb\":{\"@id\":\"https:\/\/berlin.hotelbirgit.com\/fr\/nos-chambres\/#breadcrumb\"},\"inLanguage\":\"fr-FR\",\"potentialAction\":[{\"@type\":\"ReadAction\",\"target\":[\"https:\/\/berlin.hotelbirgit.com\/fr\/nos-chambres\/\"]}]},{\"@type\":\"BreadcrumbList\",\"@id\":\"https:\/\/berlin.hotelbirgit.com\/fr\/nos-chambres\/#breadcrumb\",\"itemListElement\":[{\"@type\":\"ListItem\",\"position\":1,\"name\":\"Accueil\",\"item\":\"https:\/\/berlin.hotelbirgit.com\/fr\/\"},{\"@type\":\"ListItem\",\"position\":2,\"name\":\"NOS CHAMBRES\"}]},{\"@type\":\"WebSite\",\"@id\":\"https:\/\/berlin.hotelbirgit.com\/fr\/#website\",\"url\":\"https:\/\/berlin.hotelbirgit.com\/fr\/\",\"name\":\"Birgit Berlin\",\"description\":\"Un site utilisant ms.decms.eu\",\"potentialAction\":[{\"@type\":\"SearchAction\",\"target\":{\"@type\":\"EntryPoint\",\"urlTemplate\":\"https:\/\/berlin.hotelbirgit.com\/fr\/?s={search_term_string}\"},\"query-input\":{\"@type\":\"PropertyValueSpecification\",\"valueRequired\":true,\"valueName\":\"search_term_string\"}}],\"inLanguage\":\"fr-FR\"}]}<\/script>\n<!-- \/ Yoast SEO plugin. -->","yoast_head_json":{"title":"Hotel BIRGIT Berlin Mitte | Un h\u00f4tel chaleureux et accueillant","description":"R\u00e9servez l\u2019une de nos chambres chaleureuses pour votre voyage au Havre ou votre d\u00e9placement professionnel. Tout le monde est bienvenu chez B!RGIT, un h\u00f4tel lifestyle \u00e9co-responsable chaleureux.","robots":{"index":"index","follow":"follow","max-snippet":"max-snippet:-1","max-image-preview":"max-image-preview:large","max-video-preview":"max-video-preview:-1"},"canonical":"https:\/\/berlin.hotelbirgit.com\/fr\/nos-chambres\/","og_locale":"fr_FR","og_type":"article","og_title":"Hotel BIRGIT Berlin Mitte | Un h\u00f4tel chaleureux et accueillant","og_description":"R\u00e9servez l\u2019une de nos chambres chaleureuses pour votre voyage au Havre ou votre d\u00e9placement professionnel. Tout le monde est bienvenu chez B!RGIT, un h\u00f4tel lifestyle \u00e9co-responsable chaleureux.","og_url":"https:\/\/berlin.hotelbirgit.com\/fr\/nos-chambres\/","og_site_name":"Birgit Berlin","article_modified_time":"2025-08-06T14:46:48+00:00","twitter_card":"summary_large_image","twitter_misc":{"Dur\u00e9e de lecture estim\u00e9e":"1 minute"},"schema":{"@context":"https:\/\/schema.org","@graph":[{"@type":"WebPage","@id":"https:\/\/berlin.hotelbirgit.com\/fr\/nos-chambres\/","url":"https:\/\/berlin.hotelbirgit.com\/fr\/nos-chambres\/","name":"Hotel BIRGIT Berlin Mitte | Un h\u00f4tel chaleureux et accueillant","isPartOf":{"@id":"https:\/\/berlin.hotelbirgit.com\/fr\/#website"},"datePublished":"2022-08-08T10:17:22+00:00","dateModified":"2025-08-06T14:46:48+00:00","description":"R\u00e9servez l\u2019une de nos chambres chaleureuses pour votre voyage au Havre ou votre d\u00e9placement professionnel. Tout le monde est bienvenu chez B!RGIT, un h\u00f4tel lifestyle \u00e9co-responsable chaleureux.","breadcrumb":{"@id":"https:\/\/berlin.hotelbirgit.com\/fr\/nos-chambres\/#breadcrumb"},"inLanguage":"fr-FR","potentialAction":[{"@type":"ReadAction","target":["https:\/\/berlin.hotelbirgit.com\/fr\/nos-chambres\/"]}]},{"@type":"BreadcrumbList","@id":"https:\/\/berlin.hotelbirgit.com\/fr\/nos-chambres\/#breadcrumb","itemListElement":[{"@type":"ListItem","position":1,"name":"Accueil","item":"https:\/\/berlin.hotelbirgit.com\/fr\/"},{"@type":"ListItem","position":2,"name":"NOS CHAMBRES"}]},{"@type":"WebSite","@id":"https:\/\/berlin.hotelbirgit.com\/fr\/#website","url":"https:\/\/berlin.hotelbirgit.com\/fr\/","name":"Birgit Berlin","description":"Un site utilisant ms.decms.eu","potentialAction":[{"@type":"SearchAction","target":{"@type":"EntryPoint","urlTemplate":"https:\/\/berlin.hotelbirgit.com\/fr\/?s={search_term_string}"},"query-input":{"@type":"PropertyValueSpecification","valueRequired":true,"valueName":"search_term_string"}}],"inLanguage":"fr-FR"}]}},"acf":[],"_links":{"self":[{"href":"https:\/\/berlin.hotelbirgit.com\/fr\/wp-json\/wp\/v2\/pages\/194","targetHints":{"allow":["GET"]}}],"collection":[{"href":"https:\/\/berlin.hotelbirgit.com\/fr\/wp-json\/wp\/v2\/pages"}],"about":[{"href":"https:\/\/berlin.hotelbirgit.com\/fr\/wp-json\/wp\/v2\/types\/page"}],"author":[{"embeddable":true,"href":"https:\/\/berlin.hotelbirgit.com\/fr\/wp-json\/wp\/v2\/users\/15"}],"replies":[{"embeddable":true,"href":"https:\/\/berlin.hotelbirgit.com\/fr\/wp-json\/wp\/v2\/comments?post=194"}],"version-history":[{"count":0,"href":"https:\/\/berlin.hotelbirgit.com\/fr\/wp-json\/wp\/v2\/pages\/194\/revisions"}],"wp:attachment":[{"href":"https:\/\/berlin.hotelbirgit.com\/fr\/wp-json\/wp\/v2\/media?parent=194"}],"curies":[{"name":"wp","href":"https:\/\/api.w.org\/{rel}","templated":true}]}}