{"id":192,"date":"2022-08-08T12:11:51","date_gmt":"2022-08-08T10:11:51","guid":{"rendered":"https:\/\/berlin.ms.decms.eu\/?page_id=192"},"modified":"2025-06-10T14:56:39","modified_gmt":"2025-06-10T12:56:39","slug":"hotel-brgit-berlin-mitte","status":"publish","type":"page","link":"https:\/\/berlin.hotelbirgit.com\/fr\/","title":{"rendered":"H\u00f4tel B!RGIT Berlin Mitte"},"content":{"rendered":"<p><span style=\"font-weight: 400\">Notre boutique h\u00f4tel chaleureux, nich\u00e9 entre les quartiers de Berlin Mitte et Prenzlauer Berg, vous accueille avec ses 53\u00a0chambres et son magnifique jardin. Apr\u00e8s une bonne nuit de sommeil et un petit-d\u00e9jeuner sain et d\u00e9licieux, vous serez d\u2019attaque pour partir sillonner les rues de Berlin en v\u00e9lo.\u00a0<\/span><\/p>\n<p><span style=\"font-weight: 400\">Hotel B!RGIT est n\u00e9 de la fusion entre diff\u00e9rents styles et \u00e9poques. Nous aimons la nature, nous valorisons les produits locaux et sommes parfaitement int\u00e9gr\u00e9s \u00e0 la vie du quartier.<\/span><\/p>\n<p><span style=\"font-weight: 400\">Venez d\u00e9couvrir nos boissons r\u00e9gionales pr\u00e9f\u00e9r\u00e9es, \u00e9couter de la musique ou vous installer pour lire un bon livre.<\/span><\/p>\n<h2>WE ARE B!RGIT !<\/h2>\n","protected":false},"excerpt":{"rendered":"<p>Notre boutique h\u00f4tel chaleureux, nich\u00e9 entre les quartiers de Berlin Mitte et Prenzlauer Berg, vous accueille avec ses 53\u00a0chambres et son magnifique jardin. Apr\u00e8s une bonne nuit de sommeil et un petit-d\u00e9jeuner sain et d\u00e9licieux, vous serez d\u2019attaque pour partir sillonner les rues de Berlin en v\u00e9lo.\u00a0 Hotel B!RGIT est n\u00e9 de la fusion entre [&hellip;]<\/p>\n","protected":false},"author":15,"featured_media":0,"parent":0,"menu_order":0,"comment_status":"closed","ping_status":"closed","template":"","meta":{"footnotes":""},"class_list":["post-192","page","type-page","status-publish","hentry"],"yoast_head":"<!-- This site is optimized with the Yoast SEO plugin v26.9 - https:\/\/yoast.com\/product\/yoast-seo-wordpress\/ -->\n<title>Hotel BIRGIT Berlin Mitte | Un boutique h\u00f4tel chaleureux \u00e0 Berlin<\/title>\n<meta name=\"description\" content=\"D\u00e9couvrez ce boutique h\u00f4tel chaleureux, situ\u00e9 entre Berlin Mitte et Prenzlauer Berg. Un h\u00f4tel lifestyle \u00e9co-responsable, o\u00f9 l\u2019on est encore mieux qu\u2019\u00e0 la maison.\" \/>\n<meta name=\"robots\" content=\"index, follow, max-snippet:-1, max-image-preview:large, max-video-preview:-1\" \/>\n<link rel=\"canonical\" href=\"https:\/\/berlin.hotelbirgit.com\/fr\/\" \/>\n<meta property=\"og:locale\" content=\"fr_FR\" \/>\n<meta property=\"og:type\" content=\"article\" \/>\n<meta property=\"og:title\" content=\"Hotel BIRGIT Berlin Mitte | Un boutique h\u00f4tel chaleureux \u00e0 Berlin\" \/>\n<meta property=\"og:description\" content=\"D\u00e9couvrez ce boutique h\u00f4tel chaleureux, situ\u00e9 entre Berlin Mitte et Prenzlauer Berg. Un h\u00f4tel lifestyle \u00e9co-responsable, o\u00f9 l\u2019on est encore mieux qu\u2019\u00e0 la maison.\" \/>\n<meta property=\"og:url\" content=\"https:\/\/berlin.hotelbirgit.com\/fr\/\" \/>\n<meta property=\"og:site_name\" content=\"Birgit Berlin\" \/>\n<meta property=\"article:modified_time\" content=\"2025-06-10T12:56:39+00:00\" \/>\n<meta name=\"twitter:card\" content=\"summary_large_image\" \/>\n<meta name=\"twitter:label1\" content=\"Dur\u00e9e de lecture estim\u00e9e\" \/>\n\t<meta name=\"twitter:data1\" content=\"1 minute\" \/>\n<script type=\"application\/ld+json\" class=\"yoast-schema-graph\">{\"@context\":\"https:\/\/schema.org\",\"@graph\":[{\"@type\":\"WebPage\",\"@id\":\"https:\/\/berlin.hotelbirgit.com\/fr\/\",\"url\":\"https:\/\/berlin.hotelbirgit.com\/fr\/\",\"name\":\"Hotel BIRGIT Berlin Mitte | Un boutique h\u00f4tel chaleureux \u00e0 Berlin\",\"isPartOf\":{\"@id\":\"https:\/\/berlin.hotelbirgit.com\/fr\/#website\"},\"datePublished\":\"2022-08-08T10:11:51+00:00\",\"dateModified\":\"2025-06-10T12:56:39+00:00\",\"description\":\"D\u00e9couvrez ce boutique h\u00f4tel chaleureux, situ\u00e9 entre Berlin Mitte et Prenzlauer Berg. Un h\u00f4tel lifestyle \u00e9co-responsable, o\u00f9 l\u2019on est encore mieux qu\u2019\u00e0 la maison.\",\"breadcrumb\":{\"@id\":\"https:\/\/berlin.hotelbirgit.com\/fr\/#breadcrumb\"},\"inLanguage\":\"fr-FR\",\"potentialAction\":[{\"@type\":\"ReadAction\",\"target\":[\"https:\/\/berlin.hotelbirgit.com\/fr\/\"]}]},{\"@type\":\"BreadcrumbList\",\"@id\":\"https:\/\/berlin.hotelbirgit.com\/fr\/#breadcrumb\",\"itemListElement\":[{\"@type\":\"ListItem\",\"position\":1,\"name\":\"Accueil\",\"item\":\"https:\/\/berlin.hotelbirgit.com\/fr\/\"},{\"@type\":\"ListItem\",\"position\":2,\"name\":\"H\u00f4tel B!RGIT Berlin Mitte\"}]},{\"@type\":\"WebSite\",\"@id\":\"https:\/\/berlin.hotelbirgit.com\/fr\/#website\",\"url\":\"https:\/\/berlin.hotelbirgit.com\/fr\/\",\"name\":\"Birgit Berlin\",\"description\":\"Un site utilisant ms.decms.eu\",\"potentialAction\":[{\"@type\":\"SearchAction\",\"target\":{\"@type\":\"EntryPoint\",\"urlTemplate\":\"https:\/\/berlin.hotelbirgit.com\/fr\/?s={search_term_string}\"},\"query-input\":{\"@type\":\"PropertyValueSpecification\",\"valueRequired\":true,\"valueName\":\"search_term_string\"}}],\"inLanguage\":\"fr-FR\"}]}<\/script>\n<!-- \/ Yoast SEO plugin. -->","yoast_head_json":{"title":"Hotel BIRGIT Berlin Mitte | Un boutique h\u00f4tel chaleureux \u00e0 Berlin","description":"D\u00e9couvrez ce boutique h\u00f4tel chaleureux, situ\u00e9 entre Berlin Mitte et Prenzlauer Berg. Un h\u00f4tel lifestyle \u00e9co-responsable, o\u00f9 l\u2019on est encore mieux qu\u2019\u00e0 la maison.","robots":{"index":"index","follow":"follow","max-snippet":"max-snippet:-1","max-image-preview":"max-image-preview:large","max-video-preview":"max-video-preview:-1"},"canonical":"https:\/\/berlin.hotelbirgit.com\/fr\/","og_locale":"fr_FR","og_type":"article","og_title":"Hotel BIRGIT Berlin Mitte | Un boutique h\u00f4tel chaleureux \u00e0 Berlin","og_description":"D\u00e9couvrez ce boutique h\u00f4tel chaleureux, situ\u00e9 entre Berlin Mitte et Prenzlauer Berg. Un h\u00f4tel lifestyle \u00e9co-responsable, o\u00f9 l\u2019on est encore mieux qu\u2019\u00e0 la maison.","og_url":"https:\/\/berlin.hotelbirgit.com\/fr\/","og_site_name":"Birgit Berlin","article_modified_time":"2025-06-10T12:56:39+00:00","twitter_card":"summary_large_image","twitter_misc":{"Dur\u00e9e de lecture estim\u00e9e":"1 minute"},"schema":{"@context":"https:\/\/schema.org","@graph":[{"@type":"WebPage","@id":"https:\/\/berlin.hotelbirgit.com\/fr\/","url":"https:\/\/berlin.hotelbirgit.com\/fr\/","name":"Hotel BIRGIT Berlin Mitte | Un boutique h\u00f4tel chaleureux \u00e0 Berlin","isPartOf":{"@id":"https:\/\/berlin.hotelbirgit.com\/fr\/#website"},"datePublished":"2022-08-08T10:11:51+00:00","dateModified":"2025-06-10T12:56:39+00:00","description":"D\u00e9couvrez ce boutique h\u00f4tel chaleureux, situ\u00e9 entre Berlin Mitte et Prenzlauer Berg. Un h\u00f4tel lifestyle \u00e9co-responsable, o\u00f9 l\u2019on est encore mieux qu\u2019\u00e0 la maison.","breadcrumb":{"@id":"https:\/\/berlin.hotelbirgit.com\/fr\/#breadcrumb"},"inLanguage":"fr-FR","potentialAction":[{"@type":"ReadAction","target":["https:\/\/berlin.hotelbirgit.com\/fr\/"]}]},{"@type":"BreadcrumbList","@id":"https:\/\/berlin.hotelbirgit.com\/fr\/#breadcrumb","itemListElement":[{"@type":"ListItem","position":1,"name":"Accueil","item":"https:\/\/berlin.hotelbirgit.com\/fr\/"},{"@type":"ListItem","position":2,"name":"H\u00f4tel B!RGIT Berlin Mitte"}]},{"@type":"WebSite","@id":"https:\/\/berlin.hotelbirgit.com\/fr\/#website","url":"https:\/\/berlin.hotelbirgit.com\/fr\/","name":"Birgit Berlin","description":"Un site utilisant ms.decms.eu","potentialAction":[{"@type":"SearchAction","target":{"@type":"EntryPoint","urlTemplate":"https:\/\/berlin.hotelbirgit.com\/fr\/?s={search_term_string}"},"query-input":{"@type":"PropertyValueSpecification","valueRequired":true,"valueName":"search_term_string"}}],"inLanguage":"fr-FR"}]}},"acf":[],"_links":{"self":[{"href":"https:\/\/berlin.hotelbirgit.com\/fr\/wp-json\/wp\/v2\/pages\/192","targetHints":{"allow":["GET"]}}],"collection":[{"href":"https:\/\/berlin.hotelbirgit.com\/fr\/wp-json\/wp\/v2\/pages"}],"about":[{"href":"https:\/\/berlin.hotelbirgit.com\/fr\/wp-json\/wp\/v2\/types\/page"}],"author":[{"embeddable":true,"href":"https:\/\/berlin.hotelbirgit.com\/fr\/wp-json\/wp\/v2\/users\/15"}],"replies":[{"embeddable":true,"href":"https:\/\/berlin.hotelbirgit.com\/fr\/wp-json\/wp\/v2\/comments?post=192"}],"version-history":[{"count":0,"href":"https:\/\/berlin.hotelbirgit.com\/fr\/wp-json\/wp\/v2\/pages\/192\/revisions"}],"wp:attachment":[{"href":"https:\/\/berlin.hotelbirgit.com\/fr\/wp-json\/wp\/v2\/media?parent=192"}],"curies":[{"name":"wp","href":"https:\/\/api.w.org\/{rel}","templated":true}]}}