{"id":139,"date":"2022-08-04T15:15:35","date_gmt":"2022-08-04T13:15:35","guid":{"rendered":"https:\/\/berlin.ms.decms.eu\/?page_id=139"},"modified":"2022-08-04T15:19:52","modified_gmt":"2022-08-04T13:19:52","slug":"unsere-freunde","status":"publish","type":"page","link":"https:\/\/berlin.hotelbirgit.com\/de\/unsere-freunde\/","title":{"rendered":"UNSERE FREUNDE"},"content":{"rendered":"<p><span style=\"font-weight: 400;\">Bei B!RGIT arbeiten wir mit einem starken Netzwerk von Partnern aus Berlin Mitte\/Prenzlauer Berg zusammen, die im Laufe der Zeit zu Freunden geworden sind. Egal, ob sie die S\u00e4fte und Tees f\u00fcr Ihr Fr\u00fchst\u00fcck liefern oder das Fahrrad f\u00fcr Ihre Nachmittagstour, eines ist sicher \u2013 bei ihnen sind Sie gut aufgehoben!<\/span><\/p>\n","protected":false},"excerpt":{"rendered":"<p>Bei B!RGIT arbeiten wir mit einem starken Netzwerk von Partnern aus Berlin Mitte\/Prenzlauer Berg zusammen, die im Laufe der Zeit zu Freunden geworden sind. Egal, ob sie die S\u00e4fte und Tees f\u00fcr Ihr Fr\u00fchst\u00fcck liefern oder das Fahrrad f\u00fcr Ihre Nachmittagstour, eines ist sicher \u2013 bei ihnen sind Sie gut aufgehoben!<\/p>\n","protected":false},"author":15,"featured_media":0,"parent":0,"menu_order":0,"comment_status":"closed","ping_status":"closed","template":"template-default-3.php","meta":{"footnotes":""},"class_list":["post-139","page","type-page","status-publish","hentry"],"yoast_head":"<!-- This site is optimized with the Yoast SEO plugin v26.9 - https:\/\/yoast.com\/product\/yoast-seo-wordpress\/ -->\n<title>Lokale Produkte aus Berlin | Hotel BIRGIT Berlin Mitte<\/title>\n<meta name=\"description\" content=\"Bei B!RGIT beschaffen wir die zum Fr\u00fchst\u00fcck und in der Bar angebotenen frischen, gesunden Produkte (Obst, K\u00e4se, Tee, Wein und Cocktails) von lokalen Unternehmen.\" \/>\n<meta name=\"robots\" content=\"index, follow, max-snippet:-1, max-image-preview:large, max-video-preview:-1\" \/>\n<link rel=\"canonical\" href=\"https:\/\/berlin.hotelbirgit.com\/de\/unsere-freunde\/\" \/>\n<meta property=\"og:locale\" content=\"de_DE\" \/>\n<meta property=\"og:type\" content=\"article\" \/>\n<meta property=\"og:title\" content=\"Lokale Produkte aus Berlin | Hotel BIRGIT Berlin Mitte\" \/>\n<meta property=\"og:description\" content=\"Bei B!RGIT beschaffen wir die zum Fr\u00fchst\u00fcck und in der Bar angebotenen frischen, gesunden Produkte (Obst, K\u00e4se, Tee, Wein und Cocktails) von lokalen Unternehmen.\" \/>\n<meta property=\"og:url\" content=\"https:\/\/berlin.hotelbirgit.com\/de\/unsere-freunde\/\" \/>\n<meta property=\"og:site_name\" content=\"Birgit Berlin\" \/>\n<meta property=\"article:modified_time\" content=\"2022-08-04T13:19:52+00:00\" \/>\n<meta name=\"twitter:card\" content=\"summary_large_image\" \/>\n<meta name=\"twitter:label1\" content=\"Gesch\u00e4tzte Lesezeit\" \/>\n\t<meta name=\"twitter:data1\" content=\"1 Minute\" \/>\n<script type=\"application\/ld+json\" class=\"yoast-schema-graph\">{\"@context\":\"https:\/\/schema.org\",\"@graph\":[{\"@type\":\"WebPage\",\"@id\":\"https:\/\/berlin.hotelbirgit.com\/de\/unsere-freunde\/\",\"url\":\"https:\/\/berlin.hotelbirgit.com\/de\/unsere-freunde\/\",\"name\":\"Lokale Produkte aus Berlin | Hotel BIRGIT Berlin Mitte\",\"isPartOf\":{\"@id\":\"https:\/\/berlin.hotelbirgit.com\/de\/#website\"},\"datePublished\":\"2022-08-04T13:15:35+00:00\",\"dateModified\":\"2022-08-04T13:19:52+00:00\",\"description\":\"Bei B!RGIT beschaffen wir die zum Fr\u00fchst\u00fcck und in der Bar angebotenen frischen, gesunden Produkte (Obst, K\u00e4se, Tee, Wein und Cocktails) von lokalen Unternehmen.\",\"breadcrumb\":{\"@id\":\"https:\/\/berlin.hotelbirgit.com\/de\/unsere-freunde\/#breadcrumb\"},\"inLanguage\":\"de-DE\",\"potentialAction\":[{\"@type\":\"ReadAction\",\"target\":[\"https:\/\/berlin.hotelbirgit.com\/de\/unsere-freunde\/\"]}]},{\"@type\":\"BreadcrumbList\",\"@id\":\"https:\/\/berlin.hotelbirgit.com\/de\/unsere-freunde\/#breadcrumb\",\"itemListElement\":[{\"@type\":\"ListItem\",\"position\":1,\"name\":\"Accueil\",\"item\":\"https:\/\/berlin.hotelbirgit.com\/de\/\"},{\"@type\":\"ListItem\",\"position\":2,\"name\":\"UNSERE FREUNDE\"}]},{\"@type\":\"WebSite\",\"@id\":\"https:\/\/berlin.hotelbirgit.com\/de\/#website\",\"url\":\"https:\/\/berlin.hotelbirgit.com\/de\/\",\"name\":\"Birgit Berlin\",\"description\":\"Un site utilisant ms.decms.eu\",\"potentialAction\":[{\"@type\":\"SearchAction\",\"target\":{\"@type\":\"EntryPoint\",\"urlTemplate\":\"https:\/\/berlin.hotelbirgit.com\/de\/?s={search_term_string}\"},\"query-input\":{\"@type\":\"PropertyValueSpecification\",\"valueRequired\":true,\"valueName\":\"search_term_string\"}}],\"inLanguage\":\"de-DE\"}]}<\/script>\n<!-- \/ Yoast SEO plugin. -->","yoast_head_json":{"title":"Lokale Produkte aus Berlin | Hotel BIRGIT Berlin Mitte","description":"Bei B!RGIT beschaffen wir die zum Fr\u00fchst\u00fcck und in der Bar angebotenen frischen, gesunden Produkte (Obst, K\u00e4se, Tee, Wein und Cocktails) von lokalen Unternehmen.","robots":{"index":"index","follow":"follow","max-snippet":"max-snippet:-1","max-image-preview":"max-image-preview:large","max-video-preview":"max-video-preview:-1"},"canonical":"https:\/\/berlin.hotelbirgit.com\/de\/unsere-freunde\/","og_locale":"de_DE","og_type":"article","og_title":"Lokale Produkte aus Berlin | Hotel BIRGIT Berlin Mitte","og_description":"Bei B!RGIT beschaffen wir die zum Fr\u00fchst\u00fcck und in der Bar angebotenen frischen, gesunden Produkte (Obst, K\u00e4se, Tee, Wein und Cocktails) von lokalen Unternehmen.","og_url":"https:\/\/berlin.hotelbirgit.com\/de\/unsere-freunde\/","og_site_name":"Birgit Berlin","article_modified_time":"2022-08-04T13:19:52+00:00","twitter_card":"summary_large_image","twitter_misc":{"Gesch\u00e4tzte Lesezeit":"1 Minute"},"schema":{"@context":"https:\/\/schema.org","@graph":[{"@type":"WebPage","@id":"https:\/\/berlin.hotelbirgit.com\/de\/unsere-freunde\/","url":"https:\/\/berlin.hotelbirgit.com\/de\/unsere-freunde\/","name":"Lokale Produkte aus Berlin | Hotel BIRGIT Berlin Mitte","isPartOf":{"@id":"https:\/\/berlin.hotelbirgit.com\/de\/#website"},"datePublished":"2022-08-04T13:15:35+00:00","dateModified":"2022-08-04T13:19:52+00:00","description":"Bei B!RGIT beschaffen wir die zum Fr\u00fchst\u00fcck und in der Bar angebotenen frischen, gesunden Produkte (Obst, K\u00e4se, Tee, Wein und Cocktails) von lokalen Unternehmen.","breadcrumb":{"@id":"https:\/\/berlin.hotelbirgit.com\/de\/unsere-freunde\/#breadcrumb"},"inLanguage":"de-DE","potentialAction":[{"@type":"ReadAction","target":["https:\/\/berlin.hotelbirgit.com\/de\/unsere-freunde\/"]}]},{"@type":"BreadcrumbList","@id":"https:\/\/berlin.hotelbirgit.com\/de\/unsere-freunde\/#breadcrumb","itemListElement":[{"@type":"ListItem","position":1,"name":"Accueil","item":"https:\/\/berlin.hotelbirgit.com\/de\/"},{"@type":"ListItem","position":2,"name":"UNSERE FREUNDE"}]},{"@type":"WebSite","@id":"https:\/\/berlin.hotelbirgit.com\/de\/#website","url":"https:\/\/berlin.hotelbirgit.com\/de\/","name":"Birgit Berlin","description":"Un site utilisant ms.decms.eu","potentialAction":[{"@type":"SearchAction","target":{"@type":"EntryPoint","urlTemplate":"https:\/\/berlin.hotelbirgit.com\/de\/?s={search_term_string}"},"query-input":{"@type":"PropertyValueSpecification","valueRequired":true,"valueName":"search_term_string"}}],"inLanguage":"de-DE"}]}},"acf":[],"_links":{"self":[{"href":"https:\/\/berlin.hotelbirgit.com\/de\/wp-json\/wp\/v2\/pages\/139","targetHints":{"allow":["GET"]}}],"collection":[{"href":"https:\/\/berlin.hotelbirgit.com\/de\/wp-json\/wp\/v2\/pages"}],"about":[{"href":"https:\/\/berlin.hotelbirgit.com\/de\/wp-json\/wp\/v2\/types\/page"}],"author":[{"embeddable":true,"href":"https:\/\/berlin.hotelbirgit.com\/de\/wp-json\/wp\/v2\/users\/15"}],"replies":[{"embeddable":true,"href":"https:\/\/berlin.hotelbirgit.com\/de\/wp-json\/wp\/v2\/comments?post=139"}],"version-history":[{"count":0,"href":"https:\/\/berlin.hotelbirgit.com\/de\/wp-json\/wp\/v2\/pages\/139\/revisions"}],"wp:attachment":[{"href":"https:\/\/berlin.hotelbirgit.com\/de\/wp-json\/wp\/v2\/media?parent=139"}],"curies":[{"name":"wp","href":"https:\/\/api.w.org\/{rel}","templated":true}]}}