{"id":125,"date":"2022-08-04T11:34:41","date_gmt":"2022-08-04T09:34:41","guid":{"rendered":"https:\/\/berlin.ms.decms.eu\/?page_id=125"},"modified":"2022-08-04T11:34:41","modified_gmt":"2022-08-04T09:34:41","slug":"terms-conditions","status":"publish","type":"page","link":"https:\/\/berlin.hotelbirgit.com\/de\/terms-conditions\/","title":{"rendered":"Terms &#038; Conditions"},"content":{"rendered":"<p>Diese Website wird unterhalten von GRAPE HOSPITALITY FRANCE, einer vereinfachten Aktiengesellschaft franz\u00f6sischen Rechts, eingetragen ins Handels- und Firmenregister Versailles unter Nummer 815278288, mit Sitz in 4-6 avenue Morane Saulnier, 78140 V\u00e9lizy-Villacoublay, Frankreich.<br \/>\nHerausgeber der Website: Jo\u00ebl Gronau, dpo@grape-hospitality.com<br \/>\nWebmaster: D-Edge<br \/>\nDiese Website wird betreut von der Firma D-EDGE mit Sitz in 64-66 rue des Archives, 75003 Paris, Frankreich.<\/p>\n<p><strong>Geistige Eigentumsrechte und Einschr\u00e4nkungen der Nutzung von Inhalten dieser Website<\/strong><br \/>\nDie Jurine Hotel GmbH, Eigent\u00fcmerin des Hotels B!RGIT Berlin Mitte, ist Inhaberin aller Rechte des geistigen Eigentums in Bezug auf diese Website, einschlie\u00dflich, aber nicht beschr\u00e4nkt auf Text, Bilder, Grafiken und Logos.<br \/>\nDie Verwendung von Inhalten dieser Website ohne vorherige schriftliche Genehmigung durch die Jurine Hotel GmbH ist strengstens untersagt.<\/p>\n<p><strong>Cookies<\/strong><br \/>\nDiese Website verwendet Analyse- und Social Media-Cookies.<br \/>\nNach der EU-Richtlinie \u00fcber die Verarbeitung personenbezogener Daten und den Schutz der Privatsph\u00e4re m\u00fcssen Nutzer \u00fcber den Einsatz von Cookies informiert werden und die M\u00f6glichkeit haben, zuzustimmen oder abzulehnen. Websites m\u00fcssen die Zustimmung der Nutzer einholen, bevor sie Cookies auf deren Ger\u00e4ten speichern.<br \/>\nDas Ablehnen von Cookies kann dazu f\u00fchren, dass die Website nicht in vollem Umfang genutzt werden kann.<br \/>\nDie Cookie-Pr\u00e4ferenzen k\u00f6nnen jedoch in den Browser-Einstellungen jederzeit ge\u00e4ndert werden.<\/p>\n<p><strong>Analyse-Cookies<\/strong><br \/>\nAnalyse-Cookies sind kleine Dateien, die dem Zweck dienen, Informationen dar\u00fcber zu sammeln, wie die Besucher mit einer Website interagieren (z.B. welche Seiten sie besuchen, wie oft sie die Website besuchen und wie hoch die Bounce Rate oder Absprungrate ist). Die mithilfe dieser Cookies gesammelten Informationen sind anonym.<br \/>\nDiese Website verwendet Google Analytics.<\/p>\n<p><strong>Social Media-Cookies<\/strong><br \/>\nSocial Media-Cookies erm\u00f6glichen es den Nutzern, \u00fcber sogenannte Sharing-Buttons Inhalte mit ihren Freunden und Netzwerken zu teilen.<\/p>\n<p><strong>Kontaktformular und Kommentare<\/strong><br \/>\nWenn Sie unser Kontaktformular ausf\u00fcllen oder einen unserer Artikel kommentieren, werden Sie m\u00f6glicherweise zur Angabe einer E-Mail-Adresse aufgefordert.<br \/>\nWir geben Ihre E-Mail-Adresse nicht an Dritte weiter.<\/p>\n<p><strong>Hyperlinks<\/strong><br \/>\nDiese Website kann Hyperlinks zu Websites von Dritten enthalten.<br \/>\nBitte beachten Sie, dass wir keine Verantwortung f\u00fcr die Richtlinien solcher Websites in Bezug auf Inhalte oder Datenschutz \u00fcbernehmen.<\/p>\n<p><strong>RSS-Feeds<\/strong><br \/>\nAlle unsere RSS-Feeds sind nur f\u00fcr den pers\u00f6nlichen Gebrauch bestimmt. Falls Sie diese Inhalte kommerziell nutzen wollen, kontaktieren Sie bitte die Jurine Hotel GmbH.<\/p>\n<p><b>Gesch\u00e4ftsbedingungen<\/b><\/p>\n<p><span style=\"font-weight: 400;\">ALLGEMEINE GESCH\u00c4FTSBEDINGUNGEN F\u00dcR DEN HOTELAUFNAHMEVERTRAG<\/span><br \/>\nI. GELTUNGSBEREICH<br \/>\nDiese Gesch\u00e4ftsbedingungen gelten f\u00fcr Vertr\u00e4ge \u00fcber die mietweise \u00dcberlassung von Hotelzimmern zur Beherbergung sowie alle in diesem Zusammenhang f\u00fcr den Kunden erbrachten weiteren Leistungen und Lieferungen des Hotels (Hotelaufnahmevertrag). Der Begriff \u201eHotelaufnahmevertrag\u201c umfasst und ersetzt folgende Begriffe: Beherbergungs-, Gastaufnahme-, Hotel-, Hotelzimmervertrag.<br \/>\nDie Unter- oder Weitervermietung der \u00fcberlassenen Zimmer sowie deren Nutzung zu anderen als Beherbergungszwecken bed\u00fcrfen der vorherigen Zustimmung des Hotels in Textform, wobei \u00a7 540 Absatz 1 Satz 2 BGB abbedungen wird, es sei denn, der Kunde ist dieselbe Person wie der Verbraucher.<br \/>\nDie Allgemeinen Gesch\u00e4ftsbedingungen f\u00fcr Kunden finden nur Anwendung, wenn dies vorher ausdr\u00fccklich in Textform vereinbart wurde.<\/p>\n<p>II. VERTRAGSABSCHLUSS, -PARTNER, VERJ\u00c4HRUNG<br \/>\nDer Vertrag kommt durch die Annahme des Antrags des Kunden durch das Hotel zustande. Dem Hotel steht es frei, die Zimmerbuchung in Textform zu best\u00e4tigen.<br \/>\nVertragspartner sind das Hotel und der Kunde. Hat ein Dritter f\u00fcr den Kunden bestellt, haftet er dem Hotel gegen\u00fcber zusammen mit dem Kunden als Gesamtschuldner f\u00fcr alle Verpflichtungen aus dem Hotel-aufnahmevertrag, sofern dem Hotel eine entsprechende Erkl\u00e4rung des Dritten vorliegt.<br \/>\nAlle Anspr\u00fcche gegen das Hotel verj\u00e4hren grunds\u00e4tzlich ein Jahr nach dem gesetzlichen Verj\u00e4hrungsbeginn. Schadensersatzanspr\u00fcche verj\u00e4hren nach 5 Jahren. Anspr\u00fcche aufgrund von Verletzung des Lebens, des K\u00f6rpers oder der Gesundheit verj\u00e4hren nach 10 Jahren. Dies gilt nicht bei Anspr\u00fcchen, die auf einer vors\u00e4tzlichen oder grob fahrl\u00e4ssigen Pflichtverletzung des Hotels beruhen.<\/p>\n<p>III. LEISTUNGEN, PREISE, ZAHLUNG, AUFRECHNUNG<\/p>\n<p>Das Hotel ist verpflichtet, die vom Kunden gebuchten Zimmer bereitzuhalten und die vereinbarten Leistungen zu erbringen.<br \/>\nDer Kunde ist verpflichtet, die f\u00fcr die Zimmer\u00fcberlassung und die von ihm in Anspruch genommenen weiteren Leistungen vereinbarten bzw. geltenden Preise des Hotels zu zahlen. Dies gilt auch f\u00fcr vom Kunden direkt oder \u00fcber das Hotel veranlasste und im Voraus vom Hotel bezahlte Leistungen von Dritten. Die vereinbarten Preise schlie\u00dfen die Umsatz- und \u00dcbernachtungssteuer ein.<br \/>\nDas Hotel ist zur Anpassung der Preise berechtigt, wenn der Kunde nachtr\u00e4glich eine Verringerung der gebuchten Zimmerzahl, der angeforderten sonstigen Hotelleistungen und\/oder der Aufenthaltsdauer w\u00fcnscht und das Hotel dem zustimmt.<br \/>\nRechnungen des Hotels ohne Angabe des F\u00e4lligkeitsdatums sind binnen 10 Tagen ab Zugang der Rechnung ohne Abzug zahlbar. Das Hotel kann die unverz\u00fcgliche Zahlung f\u00e4lliger Forderungen jederzeit vom Kunden verlangen. Bei Zahlungsverzug beh\u00e4lt sich das Hotel vor, Verzugszinsen in H\u00f6he von derzeit 8% bzw. bei Rechtsgesch\u00e4ften mit einem Verbraucher in H\u00f6he von 5% \u00fcber dem Basiszinssatz zu verlangen. Dem Hotel bleibt der Nachweis eines h\u00f6heren Schadens vorbehalten.<br \/>\nDas Hotel ist berechtigt, bei Vertragsschluss vom Kunden eine Vorauszahlung oder Sicherheitsleistung (per Kreditkarte) zu verlangen, wobei die gesetzlichen Bestimmungen f\u00fcr Pauschalreisen zu beachten sind. Einzelheiten bzgl. der H\u00f6he der Vorauszahlung oder Sicherheitsleistung und der Zahlungstermine k\u00f6nnen im Vertrag in Textform vereinbart werden.<br \/>\nIn begr\u00fcndeten F\u00e4llen, z.B. Zahlungsr\u00fcckstand des Kunden oder Erweiterung des Vertragsumfanges, ist das Hotel berechtigt, auch nach Vertragsschluss bis zu Beginn des Aufenthaltes eine Anhebung der im Vertrag vereinbarten Vorauszahlung oder Sicherheitsleistung bis zur vollen vereinbarten Verg\u00fctung zu verlangen.<br \/>\nDas Hotel ist ferner berechtigt, zu Beginn oder w\u00e4hrend des Aufenthaltes des Kunden eine Vorauszahlung oder Sicherheitsleistung f\u00fcr bestehende und k\u00fcnftige Forderungen aus dem Vertrag zu verlangen.<br \/>\nDer Kunde kann nur unstreitige oder rechtskr\u00e4ftige Forderungen gegen\u00fcber Forderungen des Hotels aufrechnen oder verrechnen.<\/p>\n<p>IV. R\u00dcCKTRITT DES KUNDEN VOM VERTRAG, NICHTINANSPRUCHNAHME DER LEISTUNGEN DES HOTELS (No Show)<\/p>\n<p>Ein R\u00fccktritt des Kunden von dem mit dem Hotel geschlossenen Vertrag bedarf der Zustimmung des Hotels in Textform. Erfolgt diese nicht, so sind die im Vertrag vereinbarten Preise auch dann zu zahlen, wenn der Kunde die vertraglichen Leistungen nicht in Anspruch nimmt.<br \/>\nSofern zwischen dem Hotel und dem Kunden eine Frist f\u00fcr den kostenfreien R\u00fccktritt vom Vertrag in Textform vereinbart wurde, kann der Kunde bis dahin vom Vertrag zur\u00fccktreten, ohne dass dies Zahlungs- oder Schadensersatzanspr\u00fcche des Hotels ausl\u00f6st. Das R\u00fccktrittsrecht des Kunden erlischt, wenn er nicht bis zum vereinbarten Termin sein Recht zum R\u00fccktritt gegen\u00fcber dem Hotel in Textform aus\u00fcbt.<br \/>\nBei der Berechnung des Preises f\u00fcr vom Kunden nicht in Anspruch genommene Zimmer hat das Hotel die Einnahmen aus anderweitiger Vermietung dieser Zimmer sowie die eingesparten Aufwendungen anzurechnen. Werden die Zimmer nicht anderweitig vermietet, so kann das Hotel die vertraglich vereinbarte Verg\u00fctung verlangen und den Abzug f\u00fcr ersparte Aufwendungen des Hotels pauschalieren. Der Kunde ist in diesem Fall verpflichtet, 90% des vertraglich vereinbarten Zimmerpreises mit oder ohne Fr\u00fchst\u00fcck, 70% f\u00fcr Halbpensions- und 60% f\u00fcr Vollpensionsarrangements zu zahlen. Dem Kunden steht der Nachweis frei, dass der vorgenannte Anspruch nicht oder nicht in der geforderten H\u00f6he entstanden ist.<\/p>\n<p>V. R\u00dcCKTRITT DES HOTELS VOM VERTRAG<br \/>\nSofern in Textform vereinbart wurde, dass der Kunde innerhalb einer bestimmten Frist kostenfrei vom Vertrag zur\u00fccktreten kann, ist das Hotel in diesem Zeitraum seinerseits berechtigt, vom Vertrag zur\u00fcckzutreten, wenn Anfragen anderer Kunden nach den vertraglich gebuchten Zimmern vorliegen und der Kunde auf R\u00fcckfrage des Hotels auf sein Recht zum R\u00fccktritt nicht verzichtet.<br \/>\nWurde eine gem\u00e4\u00df Ziffer III Nummern 5 und\/oder 6 verlangte Vorauszahlung auch nach Verstreichen einer vom Hotel gesetzten angemessenen Nachfrist nicht geleistet, so ist das Hotel ebenfalls zum R\u00fccktritt vom Vertrag berechtigt.<br \/>\nFerner ist das Hotel berechtigt, aus sachlich gerechtfertigtem Grund vom Vertrag au\u00dferordentlich zur\u00fcckzutreten, beispielsweise falls<\/p>\n<p>h\u00f6here Gewalt oder andere vom Hotel nicht zu vertretende Umst\u00e4nde die Erf\u00fcllung des Vertrages unm\u00f6glich machen;<br \/>\nZimmer oder R\u00e4ume schuldhaft unter irref\u00fchrender oder falscher Angabe von Informationen, z.B. zur Person des Kunden oder zum Zweck seines Aufenthaltes, gebucht wurden;<br \/>\ndas Hotel begr\u00fcndeten Anlass zu der Annahme hat, dass die Bereitstellung der Hotelleistung f\u00fcr den betreffenden Kunden den reibungslosen Gesch\u00e4ftsbetrieb, die Sicherheit oder das \u00f6ffentliche Ansehen des Hotels gef\u00e4hrden kann, ohne dass dies dem Herrschafts- bzw. Organisationsbereich des Hotels zuzurechnen ist;<br \/>\nder Zweck des Aufenthaltes gesetzeswidrig ist;<br \/>\nein Versto\u00df gegen oben genannte Ziffer I Nummer 2 vorliegt.<\/p>\n<p>Bei rechtm\u00e4\u00dfigem R\u00fccktritt des Hotels vom Vertrag entsteht kein Anspruch des Kunden auf Schadensersatz.<\/p>\n<p>Zimmerbereitstellung, -\u00fcbergabe und r\u00fcckgabe<br \/>\nSoweit nicht anders in Textform vereinbart, erwirbt der Kunde keinen Anspruch auf die Bereitstellung bestimmter Zimmer.<br \/>\nGebuchte Zimmer stehen dem Kunden ab 14:00 Uhr des vereinbarten Anreisetages zur Verf\u00fcgung. Vor diesem Zeitpunkt haben die Kunden keinen Zugang zu den Zimmern.<br \/>\nAm vereinbarten Abreisetag sind die Zimmer dem Hotel sp\u00e4testens um 11:00 Uhr ger\u00e4umt zur Verf\u00fcgung zu stellen. Danach kann das Hotel aufgrund der versp\u00e4teten R\u00e4umung des Zimmers bis 18:00 Uhr 50% des vollen Zimmerpreises in Rechnung stellen, ab 18:00 Uhr 100%. Vertragliche Anspr\u00fcche des Kunden gegen das Hotel werden hierdurch nicht begr\u00fcndet. Dem Kunden steht es frei, nachzuweisen, dass eine Forderung in H\u00f6he der genannten Betr\u00e4ge unangemessen oder \u00fcberh\u00f6ht ist.<\/p>\n<p>VI. HAFTUNG DES HOTELS<\/p>\n<p>Das Hotel haftet f\u00fcr seine Verpflichtungen aus dem Vertrag. Eine Haftung auf Schadensersatz entsteht f\u00fcr Sch\u00e4den aus Verletzung des Lebens, des K\u00f6rpers oder der Gesundheit aufgrund von Pflichtverletzung oder vors\u00e4tzlichem oder grob fahrl\u00e4ssigem Verhalten seitens des Hotels. Einer Pflichtverletzung des Hotels steht die eines gesetzlichen Vertreters oder Mitarbeiters gleich. Sollten St\u00f6rungen oder M\u00e4ngel an den Leistungen des Hotels auftreten, wird das Hotel, sobald es davon Kenntnis erh\u00e4lt, sich unverz\u00fcglich bem\u00fchen, f\u00fcr Abhilfe zu sorgen. Der Kunde ist verpflichtet, das ihm Zumutbare beizutragen, um die St\u00f6rung zu beheben und einen m\u00f6glichen Schaden gering zu halten.<br \/>\nF\u00fcr eingebrachte Sachen haftet das Hotel dem Kunden nach den gesetzlichen Bestimmungen. Das Hotel empfiehlt, von der M\u00f6glichkeit Gebrauch zu machen, den Zimmer- oder Hotelsafe zu nutzen.<br \/>\nSoweit dem Kunden ein Stellplatz in der Hotelgarage oder auf einem Hotelparkplatz, auch gegen Entgelt, zur Verf\u00fcgung gestellt wird, kommt dadurch kein Verwahrungsvertrag zustande. Bei Verlust oder Besch\u00e4digung von Kraftfahrzeugen oder deren Inhalt auf dem Hotelgel\u00e4nde haftet das Hotel nicht, es sei denn, diese sind auf grobe Fahrl\u00e4ssigkeit zur\u00fcckzuf\u00fchren. Eine Haftpflicht des Hotels im Falle von Verlust oder Besch\u00e4digung von Kraftfahrzeugen auf dem Hotelgel\u00e4nde besteht nur gem\u00e4\u00df Ziffer VI.1, S\u00e4tze 2 bis 4.<br \/>\nWeckauftr\u00e4ge werden vom Hotel mit gr\u00f6\u00dfter Sorgfalt ausgef\u00fchrt. F\u00fcr die G\u00e4ste in Empfang genommene Nachrichten, Post und Warensendungen werden mit Sorgfalt behandelt. Das Hotel \u00fcbernimmt die \u00dcbergabe, Aufbewahrung und \u2013 auf Wunsch \u2013 gegen Entgelt die Nachsendung derselben. Eine Haftpflicht des Hotels im Falle von Verlust oder Besch\u00e4digung dieser Gegenst\u00e4nde besteht nur gem\u00e4\u00df Ziffer VI.1, S\u00e4tze 2 bis 4.<\/p>\n<p>VII. SCHLUSSBESTIMMUNGEN<\/p>\n<p>\u00c4nderungen dieses Vertrages, der Bestimmungen bzgl. der Antragsannahme oder dieser Allgemeinen Gesch\u00e4ftsbedingungen haben in Textform zu erfolgen. Einseitige \u00c4nderungen durch den Kunden sind unwirksam.<br \/>\nErf\u00fcllungs- und Zahlungsort ist der Gesch\u00e4ftssitz des Hotels.<br \/>\nAusschlie\u00dflicher Gerichtsstand \u2013 auch f\u00fcr Scheck- und Wechselstreitigkeiten \u2013 ist im kaufm\u00e4nnischen Verkehr der gesellschaftsrechtliche Sitz des Hotels. Sofern eine Vertragspartei die Voraussetzungen des \u00a7 38 Absatz 2 ZPO erf\u00fcllt und keinen allgemeinen Gerichtsstand in Deutschland hat, gilt als ausschlie\u00dflicher Gerichtsstand der gesellschaftsrechtliche Sitz des Hotels.<br \/>\nEs gilt deutsches Recht. Die Anwendung des UN-Kaufrechts und des Kollisionsrechts ist ausgeschlossen.<br \/>\nSollten einzelne Bestimmungen dieser Allgemeinen Gesch\u00e4ftsbedingungen unwirksam oder nichtig sein oder werden, so wird dadurch die Wirksamkeit der \u00fcbrigen Bestimmungen nicht ber\u00fchrt. Im \u00dcbrigen gelten die einschl\u00e4gigen gesetzlichen Vorschriften.<\/p>\n","protected":false},"excerpt":{"rendered":"<p>Diese Website wird unterhalten von GRAPE HOSPITALITY FRANCE, einer vereinfachten Aktiengesellschaft franz\u00f6sischen Rechts, eingetragen ins Handels- und Firmenregister Versailles unter Nummer 815278288, mit Sitz in 4-6 avenue Morane Saulnier, 78140 V\u00e9lizy-Villacoublay, Frankreich. Herausgeber der Website: Jo\u00ebl Gronau, dpo@grape-hospitality.com Webmaster: D-Edge Diese Website wird betreut von der Firma D-EDGE mit Sitz in 64-66 rue des Archives, [&hellip;]<\/p>\n","protected":false},"author":15,"featured_media":0,"parent":0,"menu_order":0,"comment_status":"closed","ping_status":"closed","template":"template-default-2.php","meta":{"footnotes":""},"class_list":["post-125","page","type-page","status-publish","hentry"],"yoast_head":"<!-- This site is optimized with the Yoast SEO plugin v26.9 - https:\/\/yoast.com\/product\/yoast-seo-wordpress\/ -->\n<title>Terms &amp; Conditions - Birgit Berlin<\/title>\n<meta name=\"description\" content=\"Diese Website wird unterhalten von GRAPE HOSPITALITY FRANCE, einer vereinfachten Aktiengesellschaft franz\u00f6sischen Rechts, eingetragen ins Handels- und\" \/>\n<meta name=\"robots\" content=\"index, follow, max-snippet:-1, max-image-preview:large, max-video-preview:-1\" \/>\n<link rel=\"canonical\" href=\"https:\/\/berlin.hotelbirgit.com\/de\/terms-conditions\/\" \/>\n<meta property=\"og:locale\" content=\"de_DE\" \/>\n<meta property=\"og:type\" content=\"article\" \/>\n<meta property=\"og:title\" content=\"Terms &amp; Conditions - Birgit Berlin\" \/>\n<meta property=\"og:description\" content=\"Diese Website wird unterhalten von GRAPE HOSPITALITY FRANCE, einer vereinfachten Aktiengesellschaft franz\u00f6sischen Rechts, eingetragen ins Handels- und\" \/>\n<meta property=\"og:url\" content=\"https:\/\/berlin.hotelbirgit.com\/de\/terms-conditions\/\" \/>\n<meta property=\"og:site_name\" content=\"Birgit Berlin\" \/>\n<meta name=\"twitter:card\" content=\"summary_large_image\" \/>\n<meta name=\"twitter:label1\" content=\"Gesch\u00e4tzte Lesezeit\" \/>\n\t<meta name=\"twitter:data1\" content=\"8 Minuten\" \/>\n<script type=\"application\/ld+json\" class=\"yoast-schema-graph\">{\"@context\":\"https:\/\/schema.org\",\"@graph\":[{\"@type\":\"WebPage\",\"@id\":\"https:\/\/berlin.hotelbirgit.com\/de\/terms-conditions\/\",\"url\":\"https:\/\/berlin.hotelbirgit.com\/de\/terms-conditions\/\",\"name\":\"Terms & Conditions - Birgit Berlin\",\"isPartOf\":{\"@id\":\"https:\/\/berlin.hotelbirgit.com\/de\/#website\"},\"datePublished\":\"2022-08-04T09:34:41+00:00\",\"description\":\"Diese Website wird unterhalten von GRAPE HOSPITALITY FRANCE, einer vereinfachten Aktiengesellschaft franz\u00f6sischen Rechts, eingetragen ins Handels- und\",\"breadcrumb\":{\"@id\":\"https:\/\/berlin.hotelbirgit.com\/de\/terms-conditions\/#breadcrumb\"},\"inLanguage\":\"de-DE\",\"potentialAction\":[{\"@type\":\"ReadAction\",\"target\":[\"https:\/\/berlin.hotelbirgit.com\/de\/terms-conditions\/\"]}]},{\"@type\":\"BreadcrumbList\",\"@id\":\"https:\/\/berlin.hotelbirgit.com\/de\/terms-conditions\/#breadcrumb\",\"itemListElement\":[{\"@type\":\"ListItem\",\"position\":1,\"name\":\"Accueil\",\"item\":\"https:\/\/berlin.hotelbirgit.com\/de\/\"},{\"@type\":\"ListItem\",\"position\":2,\"name\":\"Terms &#038; Conditions\"}]},{\"@type\":\"WebSite\",\"@id\":\"https:\/\/berlin.hotelbirgit.com\/de\/#website\",\"url\":\"https:\/\/berlin.hotelbirgit.com\/de\/\",\"name\":\"Birgit Berlin\",\"description\":\"Un site utilisant ms.decms.eu\",\"potentialAction\":[{\"@type\":\"SearchAction\",\"target\":{\"@type\":\"EntryPoint\",\"urlTemplate\":\"https:\/\/berlin.hotelbirgit.com\/de\/?s={search_term_string}\"},\"query-input\":{\"@type\":\"PropertyValueSpecification\",\"valueRequired\":true,\"valueName\":\"search_term_string\"}}],\"inLanguage\":\"de-DE\"}]}<\/script>\n<!-- \/ Yoast SEO plugin. -->","yoast_head_json":{"title":"Terms & Conditions - Birgit Berlin","description":"Diese Website wird unterhalten von GRAPE HOSPITALITY FRANCE, einer vereinfachten Aktiengesellschaft franz\u00f6sischen Rechts, eingetragen ins Handels- und","robots":{"index":"index","follow":"follow","max-snippet":"max-snippet:-1","max-image-preview":"max-image-preview:large","max-video-preview":"max-video-preview:-1"},"canonical":"https:\/\/berlin.hotelbirgit.com\/de\/terms-conditions\/","og_locale":"de_DE","og_type":"article","og_title":"Terms & Conditions - Birgit Berlin","og_description":"Diese Website wird unterhalten von GRAPE HOSPITALITY FRANCE, einer vereinfachten Aktiengesellschaft franz\u00f6sischen Rechts, eingetragen ins Handels- und","og_url":"https:\/\/berlin.hotelbirgit.com\/de\/terms-conditions\/","og_site_name":"Birgit Berlin","twitter_card":"summary_large_image","twitter_misc":{"Gesch\u00e4tzte Lesezeit":"8 Minuten"},"schema":{"@context":"https:\/\/schema.org","@graph":[{"@type":"WebPage","@id":"https:\/\/berlin.hotelbirgit.com\/de\/terms-conditions\/","url":"https:\/\/berlin.hotelbirgit.com\/de\/terms-conditions\/","name":"Terms & Conditions - Birgit Berlin","isPartOf":{"@id":"https:\/\/berlin.hotelbirgit.com\/de\/#website"},"datePublished":"2022-08-04T09:34:41+00:00","description":"Diese Website wird unterhalten von GRAPE HOSPITALITY FRANCE, einer vereinfachten Aktiengesellschaft franz\u00f6sischen Rechts, eingetragen ins Handels- und","breadcrumb":{"@id":"https:\/\/berlin.hotelbirgit.com\/de\/terms-conditions\/#breadcrumb"},"inLanguage":"de-DE","potentialAction":[{"@type":"ReadAction","target":["https:\/\/berlin.hotelbirgit.com\/de\/terms-conditions\/"]}]},{"@type":"BreadcrumbList","@id":"https:\/\/berlin.hotelbirgit.com\/de\/terms-conditions\/#breadcrumb","itemListElement":[{"@type":"ListItem","position":1,"name":"Accueil","item":"https:\/\/berlin.hotelbirgit.com\/de\/"},{"@type":"ListItem","position":2,"name":"Terms &#038; Conditions"}]},{"@type":"WebSite","@id":"https:\/\/berlin.hotelbirgit.com\/de\/#website","url":"https:\/\/berlin.hotelbirgit.com\/de\/","name":"Birgit Berlin","description":"Un site utilisant ms.decms.eu","potentialAction":[{"@type":"SearchAction","target":{"@type":"EntryPoint","urlTemplate":"https:\/\/berlin.hotelbirgit.com\/de\/?s={search_term_string}"},"query-input":{"@type":"PropertyValueSpecification","valueRequired":true,"valueName":"search_term_string"}}],"inLanguage":"de-DE"}]}},"acf":[],"_links":{"self":[{"href":"https:\/\/berlin.hotelbirgit.com\/de\/wp-json\/wp\/v2\/pages\/125","targetHints":{"allow":["GET"]}}],"collection":[{"href":"https:\/\/berlin.hotelbirgit.com\/de\/wp-json\/wp\/v2\/pages"}],"about":[{"href":"https:\/\/berlin.hotelbirgit.com\/de\/wp-json\/wp\/v2\/types\/page"}],"author":[{"embeddable":true,"href":"https:\/\/berlin.hotelbirgit.com\/de\/wp-json\/wp\/v2\/users\/15"}],"replies":[{"embeddable":true,"href":"https:\/\/berlin.hotelbirgit.com\/de\/wp-json\/wp\/v2\/comments?post=125"}],"version-history":[{"count":0,"href":"https:\/\/berlin.hotelbirgit.com\/de\/wp-json\/wp\/v2\/pages\/125\/revisions"}],"wp:attachment":[{"href":"https:\/\/berlin.hotelbirgit.com\/de\/wp-json\/wp\/v2\/media?parent=125"}],"curies":[{"name":"wp","href":"https:\/\/api.w.org\/{rel}","templated":true}]}}