{"id":119,"date":"2022-08-04T11:11:20","date_gmt":"2022-08-04T09:11:20","guid":{"rendered":"https:\/\/berlin.ms.decms.eu\/?page_id=119"},"modified":"2022-08-18T11:39:50","modified_gmt":"2022-08-18T09:39:50","slug":"fruehstueck","status":"publish","type":"page","link":"https:\/\/berlin.hotelbirgit.com\/de\/fruehstueck\/","title":{"rendered":"Fr\u00fchst\u00fcck"},"content":{"rendered":"<p>Unser vielf\u00e4ltiges, gesundes Fr\u00fchst\u00fccksangebot umfasst ausgew\u00e4hltes Obst, Milchprodukte (einschlie\u00dflich K\u00e4se), Fleischerzeugnisse, Tee, Kaffee und verschiedene Fruchts\u00e4fte (je nach Jahreszeit). Wir k\u00f6nnen sogar R\u00fchrei mit Kr\u00e4utern aus unserem Garten f\u00fcr Sie zubereiten!<\/p>\n<p>Auf Nachfrage passen wir uns gerne Ihren besonderen Ern\u00e4hrungsw\u00fcnschen an (z.B. vegetarisch, vegan, glutenfrei oder milcheiwei\u00dffrei).<\/p>\n<p>Einige unserer lokalen Lieferanten:<br \/>\nPure Tea<br \/>\nKelterei Wilke (S\u00e4fte)<br \/>\nAzul Bio (Kaffee)<\/p>\n","protected":false},"excerpt":{"rendered":"<p>Unser vielf\u00e4ltiges, gesundes Fr\u00fchst\u00fccksangebot umfasst ausgew\u00e4hltes Obst, Milchprodukte (einschlie\u00dflich K\u00e4se), Fleischerzeugnisse, Tee, Kaffee und verschiedene Fruchts\u00e4fte (je nach Jahreszeit). Wir k\u00f6nnen sogar R\u00fchrei mit Kr\u00e4utern aus unserem Garten f\u00fcr Sie zubereiten! Auf Nachfrage passen wir uns gerne Ihren besonderen Ern\u00e4hrungsw\u00fcnschen an (z.B. vegetarisch, vegan, glutenfrei oder milcheiwei\u00dffrei). Einige unserer lokalen Lieferanten: Pure Tea Kelterei Wilke [&hellip;]<\/p>\n","protected":false},"author":15,"featured_media":0,"parent":0,"menu_order":0,"comment_status":"closed","ping_status":"closed","template":"template-default-3.php","meta":{"footnotes":""},"class_list":["post-119","page","type-page","status-publish","hentry"],"yoast_head":"<!-- This site is optimized with the Yoast SEO plugin v26.9 - https:\/\/yoast.com\/product\/yoast-seo-wordpress\/ -->\n<title>Ein vielf\u00e4ltiges Fr\u00fchst\u00fcck mit lokalen Produkten | Hotel BIRGIT Berlin Mitte<\/title>\n<meta name=\"description\" content=\"Genie\u00dfen Sie ein vielf\u00e4ltiges Fr\u00fchst\u00fcck mit lokalen Produkten im wunderbaren Ambiente unseres Hotels oder unseres Gartens, einer Oase der Ruhe in Berlins Trendquartier Prenzlauer Berg!\" \/>\n<meta name=\"robots\" content=\"index, follow, max-snippet:-1, max-image-preview:large, max-video-preview:-1\" \/>\n<link rel=\"canonical\" href=\"https:\/\/berlin.hotelbirgit.com\/de\/fruehstueck\/\" \/>\n<meta property=\"og:locale\" content=\"de_DE\" \/>\n<meta property=\"og:type\" content=\"article\" \/>\n<meta property=\"og:title\" content=\"Ein vielf\u00e4ltiges Fr\u00fchst\u00fcck mit lokalen Produkten | Hotel BIRGIT Berlin Mitte\" \/>\n<meta property=\"og:description\" content=\"Genie\u00dfen Sie ein vielf\u00e4ltiges Fr\u00fchst\u00fcck mit lokalen Produkten im wunderbaren Ambiente unseres Hotels oder unseres Gartens, einer Oase der Ruhe in Berlins Trendquartier Prenzlauer Berg!\" \/>\n<meta property=\"og:url\" content=\"https:\/\/berlin.hotelbirgit.com\/de\/fruehstueck\/\" \/>\n<meta property=\"og:site_name\" content=\"Birgit Berlin\" \/>\n<meta property=\"article:modified_time\" content=\"2022-08-18T09:39:50+00:00\" \/>\n<meta name=\"twitter:card\" content=\"summary_large_image\" \/>\n<meta name=\"twitter:label1\" content=\"Gesch\u00e4tzte Lesezeit\" \/>\n\t<meta name=\"twitter:data1\" content=\"1 Minute\" \/>\n<script type=\"application\/ld+json\" class=\"yoast-schema-graph\">{\"@context\":\"https:\/\/schema.org\",\"@graph\":[{\"@type\":\"WebPage\",\"@id\":\"https:\/\/berlin.hotelbirgit.com\/de\/fruehstueck\/\",\"url\":\"https:\/\/berlin.hotelbirgit.com\/de\/fruehstueck\/\",\"name\":\"Ein vielf\u00e4ltiges Fr\u00fchst\u00fcck mit lokalen Produkten | Hotel BIRGIT Berlin Mitte\",\"isPartOf\":{\"@id\":\"https:\/\/berlin.hotelbirgit.com\/de\/#website\"},\"datePublished\":\"2022-08-04T09:11:20+00:00\",\"dateModified\":\"2022-08-18T09:39:50+00:00\",\"description\":\"Genie\u00dfen Sie ein vielf\u00e4ltiges Fr\u00fchst\u00fcck mit lokalen Produkten im wunderbaren Ambiente unseres Hotels oder unseres Gartens, einer Oase der Ruhe in Berlins Trendquartier Prenzlauer Berg!\",\"breadcrumb\":{\"@id\":\"https:\/\/berlin.hotelbirgit.com\/de\/fruehstueck\/#breadcrumb\"},\"inLanguage\":\"de-DE\",\"potentialAction\":[{\"@type\":\"ReadAction\",\"target\":[\"https:\/\/berlin.hotelbirgit.com\/de\/fruehstueck\/\"]}]},{\"@type\":\"BreadcrumbList\",\"@id\":\"https:\/\/berlin.hotelbirgit.com\/de\/fruehstueck\/#breadcrumb\",\"itemListElement\":[{\"@type\":\"ListItem\",\"position\":1,\"name\":\"Accueil\",\"item\":\"https:\/\/berlin.hotelbirgit.com\/de\/\"},{\"@type\":\"ListItem\",\"position\":2,\"name\":\"Fr\u00fchst\u00fcck\"}]},{\"@type\":\"WebSite\",\"@id\":\"https:\/\/berlin.hotelbirgit.com\/de\/#website\",\"url\":\"https:\/\/berlin.hotelbirgit.com\/de\/\",\"name\":\"Birgit Berlin\",\"description\":\"Un site utilisant ms.decms.eu\",\"potentialAction\":[{\"@type\":\"SearchAction\",\"target\":{\"@type\":\"EntryPoint\",\"urlTemplate\":\"https:\/\/berlin.hotelbirgit.com\/de\/?s={search_term_string}\"},\"query-input\":{\"@type\":\"PropertyValueSpecification\",\"valueRequired\":true,\"valueName\":\"search_term_string\"}}],\"inLanguage\":\"de-DE\"}]}<\/script>\n<!-- \/ Yoast SEO plugin. -->","yoast_head_json":{"title":"Ein vielf\u00e4ltiges Fr\u00fchst\u00fcck mit lokalen Produkten | Hotel BIRGIT Berlin Mitte","description":"Genie\u00dfen Sie ein vielf\u00e4ltiges Fr\u00fchst\u00fcck mit lokalen Produkten im wunderbaren Ambiente unseres Hotels oder unseres Gartens, einer Oase der Ruhe in Berlins Trendquartier Prenzlauer Berg!","robots":{"index":"index","follow":"follow","max-snippet":"max-snippet:-1","max-image-preview":"max-image-preview:large","max-video-preview":"max-video-preview:-1"},"canonical":"https:\/\/berlin.hotelbirgit.com\/de\/fruehstueck\/","og_locale":"de_DE","og_type":"article","og_title":"Ein vielf\u00e4ltiges Fr\u00fchst\u00fcck mit lokalen Produkten | Hotel BIRGIT Berlin Mitte","og_description":"Genie\u00dfen Sie ein vielf\u00e4ltiges Fr\u00fchst\u00fcck mit lokalen Produkten im wunderbaren Ambiente unseres Hotels oder unseres Gartens, einer Oase der Ruhe in Berlins Trendquartier Prenzlauer Berg!","og_url":"https:\/\/berlin.hotelbirgit.com\/de\/fruehstueck\/","og_site_name":"Birgit Berlin","article_modified_time":"2022-08-18T09:39:50+00:00","twitter_card":"summary_large_image","twitter_misc":{"Gesch\u00e4tzte Lesezeit":"1 Minute"},"schema":{"@context":"https:\/\/schema.org","@graph":[{"@type":"WebPage","@id":"https:\/\/berlin.hotelbirgit.com\/de\/fruehstueck\/","url":"https:\/\/berlin.hotelbirgit.com\/de\/fruehstueck\/","name":"Ein vielf\u00e4ltiges Fr\u00fchst\u00fcck mit lokalen Produkten | Hotel BIRGIT Berlin Mitte","isPartOf":{"@id":"https:\/\/berlin.hotelbirgit.com\/de\/#website"},"datePublished":"2022-08-04T09:11:20+00:00","dateModified":"2022-08-18T09:39:50+00:00","description":"Genie\u00dfen Sie ein vielf\u00e4ltiges Fr\u00fchst\u00fcck mit lokalen Produkten im wunderbaren Ambiente unseres Hotels oder unseres Gartens, einer Oase der Ruhe in Berlins Trendquartier Prenzlauer Berg!","breadcrumb":{"@id":"https:\/\/berlin.hotelbirgit.com\/de\/fruehstueck\/#breadcrumb"},"inLanguage":"de-DE","potentialAction":[{"@type":"ReadAction","target":["https:\/\/berlin.hotelbirgit.com\/de\/fruehstueck\/"]}]},{"@type":"BreadcrumbList","@id":"https:\/\/berlin.hotelbirgit.com\/de\/fruehstueck\/#breadcrumb","itemListElement":[{"@type":"ListItem","position":1,"name":"Accueil","item":"https:\/\/berlin.hotelbirgit.com\/de\/"},{"@type":"ListItem","position":2,"name":"Fr\u00fchst\u00fcck"}]},{"@type":"WebSite","@id":"https:\/\/berlin.hotelbirgit.com\/de\/#website","url":"https:\/\/berlin.hotelbirgit.com\/de\/","name":"Birgit Berlin","description":"Un site utilisant ms.decms.eu","potentialAction":[{"@type":"SearchAction","target":{"@type":"EntryPoint","urlTemplate":"https:\/\/berlin.hotelbirgit.com\/de\/?s={search_term_string}"},"query-input":{"@type":"PropertyValueSpecification","valueRequired":true,"valueName":"search_term_string"}}],"inLanguage":"de-DE"}]}},"acf":[],"_links":{"self":[{"href":"https:\/\/berlin.hotelbirgit.com\/de\/wp-json\/wp\/v2\/pages\/119","targetHints":{"allow":["GET"]}}],"collection":[{"href":"https:\/\/berlin.hotelbirgit.com\/de\/wp-json\/wp\/v2\/pages"}],"about":[{"href":"https:\/\/berlin.hotelbirgit.com\/de\/wp-json\/wp\/v2\/types\/page"}],"author":[{"embeddable":true,"href":"https:\/\/berlin.hotelbirgit.com\/de\/wp-json\/wp\/v2\/users\/15"}],"replies":[{"embeddable":true,"href":"https:\/\/berlin.hotelbirgit.com\/de\/wp-json\/wp\/v2\/comments?post=119"}],"version-history":[{"count":0,"href":"https:\/\/berlin.hotelbirgit.com\/de\/wp-json\/wp\/v2\/pages\/119\/revisions"}],"wp:attachment":[{"href":"https:\/\/berlin.hotelbirgit.com\/de\/wp-json\/wp\/v2\/media?parent=119"}],"curies":[{"name":"wp","href":"https:\/\/api.w.org\/{rel}","templated":true}]}}