{"id":107,"date":"2022-08-04T08:17:21","date_gmt":"2022-08-04T06:17:21","guid":{"rendered":"https:\/\/berlin.ms.decms.eu\/?page_id=107"},"modified":"2025-08-06T16:30:27","modified_gmt":"2025-08-06T14:30:27","slug":"couple","status":"publish","type":"page","link":"https:\/\/berlin.hotelbirgit.com\/de\/zimmer\/couple\/","title":{"rendered":"Doppelzimmer"},"content":{"rendered":"<p>Genie\u00dfen Sie den Komfort eines Doppelzimmers mit Queensize-Bett \u2013 perfekt f\u00fcr eine romantische Eskapade \u2013 oder auch f\u00fcr ein Solo-Abenteuer!<br \/>\nSie m\u00fcssen arbeiten? Dann verlangen Sie ein Zimmer mit Schreibtisch!<\/p>\n","protected":false},"excerpt":{"rendered":"<p>Genie\u00dfen Sie den Komfort eines Doppelzimmers mit Queensize-Bett \u2013 perfekt f\u00fcr eine romantische Eskapade \u2013 oder auch f\u00fcr ein Solo-Abenteuer! Sie m\u00fcssen arbeiten? Dann verlangen Sie ein Zimmer mit Schreibtisch!<\/p>\n","protected":false},"author":15,"featured_media":0,"parent":106,"menu_order":10,"comment_status":"closed","ping_status":"closed","template":"template-single-room.php","meta":{"footnotes":""},"class_list":["post-107","page","type-page","status-publish","hentry"],"yoast_head":"<!-- This site is optimized with the Yoast SEO plugin v26.9 - https:\/\/yoast.com\/product\/yoast-seo-wordpress\/ -->\n<title>Hotel BIRGIT Berlin Mitte | Gem\u00fctliche Zimmer f\u00fcr 2 Personen<\/title>\n<meta name=\"description\" content=\"Buchen Sie ein gem\u00fctliches Doppelzimmer f\u00fcr sich und Ihre*n Partner*in \u2013 oder auch nur f\u00fcr Sie allein! Jeder ist willkommen bei B!RGIT, einem GreenLine Lifestyle-Hotel in Berlin.\" \/>\n<meta name=\"robots\" content=\"index, follow, max-snippet:-1, max-image-preview:large, max-video-preview:-1\" \/>\n<link rel=\"canonical\" href=\"https:\/\/berlin.hotelbirgit.com\/de\/zimmer\/couple\/\" \/>\n<meta property=\"og:locale\" content=\"de_DE\" \/>\n<meta property=\"og:type\" content=\"article\" \/>\n<meta property=\"og:title\" content=\"Hotel BIRGIT Berlin Mitte | Gem\u00fctliche Zimmer f\u00fcr 2 Personen\" \/>\n<meta property=\"og:description\" content=\"Buchen Sie ein gem\u00fctliches Doppelzimmer f\u00fcr sich und Ihre*n Partner*in \u2013 oder auch nur f\u00fcr Sie allein! Jeder ist willkommen bei B!RGIT, einem GreenLine Lifestyle-Hotel in Berlin.\" \/>\n<meta property=\"og:url\" content=\"https:\/\/berlin.hotelbirgit.com\/de\/zimmer\/couple\/\" \/>\n<meta property=\"og:site_name\" content=\"Birgit Berlin\" \/>\n<meta property=\"article:modified_time\" content=\"2025-08-06T14:30:27+00:00\" \/>\n<meta name=\"twitter:card\" content=\"summary_large_image\" \/>\n<meta name=\"twitter:label1\" content=\"Gesch\u00e4tzte Lesezeit\" \/>\n\t<meta name=\"twitter:data1\" content=\"1 Minute\" \/>\n<script type=\"application\/ld+json\" class=\"yoast-schema-graph\">{\"@context\":\"https:\/\/schema.org\",\"@graph\":[{\"@type\":\"WebPage\",\"@id\":\"https:\/\/berlin.hotelbirgit.com\/de\/zimmer\/couple\/\",\"url\":\"https:\/\/berlin.hotelbirgit.com\/de\/zimmer\/couple\/\",\"name\":\"Hotel BIRGIT Berlin Mitte | Gem\u00fctliche Zimmer f\u00fcr 2 Personen\",\"isPartOf\":{\"@id\":\"https:\/\/berlin.hotelbirgit.com\/de\/#website\"},\"datePublished\":\"2022-08-04T06:17:21+00:00\",\"dateModified\":\"2025-08-06T14:30:27+00:00\",\"description\":\"Buchen Sie ein gem\u00fctliches Doppelzimmer f\u00fcr sich und Ihre*n Partner*in \u2013 oder auch nur f\u00fcr Sie allein! Jeder ist willkommen bei B!RGIT, einem GreenLine Lifestyle-Hotel in Berlin.\",\"breadcrumb\":{\"@id\":\"https:\/\/berlin.hotelbirgit.com\/de\/zimmer\/couple\/#breadcrumb\"},\"inLanguage\":\"de-DE\",\"potentialAction\":[{\"@type\":\"ReadAction\",\"target\":[\"https:\/\/berlin.hotelbirgit.com\/de\/zimmer\/couple\/\"]}]},{\"@type\":\"BreadcrumbList\",\"@id\":\"https:\/\/berlin.hotelbirgit.com\/de\/zimmer\/couple\/#breadcrumb\",\"itemListElement\":[{\"@type\":\"ListItem\",\"position\":1,\"name\":\"Accueil\",\"item\":\"https:\/\/berlin.hotelbirgit.com\/de\/\"},{\"@type\":\"ListItem\",\"position\":2,\"name\":\"Zimmer\",\"item\":\"https:\/\/berlin.hotelbirgit.com\/de\/zimmer\/\"},{\"@type\":\"ListItem\",\"position\":3,\"name\":\"Doppelzimmer\"}]},{\"@type\":\"WebSite\",\"@id\":\"https:\/\/berlin.hotelbirgit.com\/de\/#website\",\"url\":\"https:\/\/berlin.hotelbirgit.com\/de\/\",\"name\":\"Birgit Berlin\",\"description\":\"Un site utilisant ms.decms.eu\",\"potentialAction\":[{\"@type\":\"SearchAction\",\"target\":{\"@type\":\"EntryPoint\",\"urlTemplate\":\"https:\/\/berlin.hotelbirgit.com\/de\/?s={search_term_string}\"},\"query-input\":{\"@type\":\"PropertyValueSpecification\",\"valueRequired\":true,\"valueName\":\"search_term_string\"}}],\"inLanguage\":\"de-DE\"}]}<\/script>\n<!-- \/ Yoast SEO plugin. -->","yoast_head_json":{"title":"Hotel BIRGIT Berlin Mitte | Gem\u00fctliche Zimmer f\u00fcr 2 Personen","description":"Buchen Sie ein gem\u00fctliches Doppelzimmer f\u00fcr sich und Ihre*n Partner*in \u2013 oder auch nur f\u00fcr Sie allein! Jeder ist willkommen bei B!RGIT, einem GreenLine Lifestyle-Hotel in Berlin.","robots":{"index":"index","follow":"follow","max-snippet":"max-snippet:-1","max-image-preview":"max-image-preview:large","max-video-preview":"max-video-preview:-1"},"canonical":"https:\/\/berlin.hotelbirgit.com\/de\/zimmer\/couple\/","og_locale":"de_DE","og_type":"article","og_title":"Hotel BIRGIT Berlin Mitte | Gem\u00fctliche Zimmer f\u00fcr 2 Personen","og_description":"Buchen Sie ein gem\u00fctliches Doppelzimmer f\u00fcr sich und Ihre*n Partner*in \u2013 oder auch nur f\u00fcr Sie allein! Jeder ist willkommen bei B!RGIT, einem GreenLine Lifestyle-Hotel in Berlin.","og_url":"https:\/\/berlin.hotelbirgit.com\/de\/zimmer\/couple\/","og_site_name":"Birgit Berlin","article_modified_time":"2025-08-06T14:30:27+00:00","twitter_card":"summary_large_image","twitter_misc":{"Gesch\u00e4tzte Lesezeit":"1 Minute"},"schema":{"@context":"https:\/\/schema.org","@graph":[{"@type":"WebPage","@id":"https:\/\/berlin.hotelbirgit.com\/de\/zimmer\/couple\/","url":"https:\/\/berlin.hotelbirgit.com\/de\/zimmer\/couple\/","name":"Hotel BIRGIT Berlin Mitte | Gem\u00fctliche Zimmer f\u00fcr 2 Personen","isPartOf":{"@id":"https:\/\/berlin.hotelbirgit.com\/de\/#website"},"datePublished":"2022-08-04T06:17:21+00:00","dateModified":"2025-08-06T14:30:27+00:00","description":"Buchen Sie ein gem\u00fctliches Doppelzimmer f\u00fcr sich und Ihre*n Partner*in \u2013 oder auch nur f\u00fcr Sie allein! Jeder ist willkommen bei B!RGIT, einem GreenLine Lifestyle-Hotel in Berlin.","breadcrumb":{"@id":"https:\/\/berlin.hotelbirgit.com\/de\/zimmer\/couple\/#breadcrumb"},"inLanguage":"de-DE","potentialAction":[{"@type":"ReadAction","target":["https:\/\/berlin.hotelbirgit.com\/de\/zimmer\/couple\/"]}]},{"@type":"BreadcrumbList","@id":"https:\/\/berlin.hotelbirgit.com\/de\/zimmer\/couple\/#breadcrumb","itemListElement":[{"@type":"ListItem","position":1,"name":"Accueil","item":"https:\/\/berlin.hotelbirgit.com\/de\/"},{"@type":"ListItem","position":2,"name":"Zimmer","item":"https:\/\/berlin.hotelbirgit.com\/de\/zimmer\/"},{"@type":"ListItem","position":3,"name":"Doppelzimmer"}]},{"@type":"WebSite","@id":"https:\/\/berlin.hotelbirgit.com\/de\/#website","url":"https:\/\/berlin.hotelbirgit.com\/de\/","name":"Birgit Berlin","description":"Un site utilisant ms.decms.eu","potentialAction":[{"@type":"SearchAction","target":{"@type":"EntryPoint","urlTemplate":"https:\/\/berlin.hotelbirgit.com\/de\/?s={search_term_string}"},"query-input":{"@type":"PropertyValueSpecification","valueRequired":true,"valueName":"search_term_string"}}],"inLanguage":"de-DE"}]}},"acf":[],"_links":{"self":[{"href":"https:\/\/berlin.hotelbirgit.com\/de\/wp-json\/wp\/v2\/pages\/107","targetHints":{"allow":["GET"]}}],"collection":[{"href":"https:\/\/berlin.hotelbirgit.com\/de\/wp-json\/wp\/v2\/pages"}],"about":[{"href":"https:\/\/berlin.hotelbirgit.com\/de\/wp-json\/wp\/v2\/types\/page"}],"author":[{"embeddable":true,"href":"https:\/\/berlin.hotelbirgit.com\/de\/wp-json\/wp\/v2\/users\/15"}],"replies":[{"embeddable":true,"href":"https:\/\/berlin.hotelbirgit.com\/de\/wp-json\/wp\/v2\/comments?post=107"}],"version-history":[{"count":0,"href":"https:\/\/berlin.hotelbirgit.com\/de\/wp-json\/wp\/v2\/pages\/107\/revisions"}],"up":[{"embeddable":true,"href":"https:\/\/berlin.hotelbirgit.com\/de\/wp-json\/wp\/v2\/pages\/106"}],"wp:attachment":[{"href":"https:\/\/berlin.hotelbirgit.com\/de\/wp-json\/wp\/v2\/media?parent=107"}],"curies":[{"name":"wp","href":"https:\/\/api.w.org\/{rel}","templated":true}]}}