{"id":106,"date":"2022-08-04T08:14:57","date_gmt":"2022-08-04T06:14:57","guid":{"rendered":"https:\/\/berlin.ms.decms.eu\/?page_id=106"},"modified":"2025-08-06T16:47:09","modified_gmt":"2025-08-06T14:47:09","slug":"zimmer","status":"publish","type":"page","link":"https:\/\/berlin.hotelbirgit.com\/de\/zimmer\/","title":{"rendered":"Zimmer"},"content":{"rendered":"<p style=\"text-align: center\">Unsere gem\u00fctlichen Zimmer sind die ideale Wahl f\u00fcr einen Aufenthalt zu zweit, mit Freunden, mit der Familie oder alleine.<\/p>\n<p style=\"text-align: center\">W\u00e4hlen Sie das Zimmer, das Ihren Bed\u00fcrfnissen am besten entspricht, genie\u00dfen Sie den Blick auf den Garten, einen Balkon (in unseren Komfortzimmern Liberty), einen Schreibtisch zum Arbeiten oder einfach diesen gem\u00fctlichen Raum f\u00fcr Alleinreisende (in unseren Einzelzimmern).<\/p>\n","protected":false},"excerpt":{"rendered":"<p>Unsere gem\u00fctlichen Zimmer sind die ideale Wahl f\u00fcr einen Aufenthalt zu zweit, mit Freunden, mit der Familie oder alleine. W\u00e4hlen Sie das Zimmer, das Ihren Bed\u00fcrfnissen am besten entspricht, genie\u00dfen Sie den Blick auf den Garten, einen Balkon (in unseren Komfortzimmern Liberty), einen Schreibtisch zum Arbeiten oder einfach diesen gem\u00fctlichen Raum f\u00fcr Alleinreisende (in unseren [&hellip;]<\/p>\n","protected":false},"author":15,"featured_media":0,"parent":0,"menu_order":0,"comment_status":"closed","ping_status":"closed","template":"template-rooms.php","meta":{"footnotes":""},"class_list":["post-106","page","type-page","status-publish","hentry"],"yoast_head":"<!-- This site is optimized with the Yoast SEO plugin v26.9 - https:\/\/yoast.com\/product\/yoast-seo-wordpress\/ -->\n<title>Hotel BIRGIT Berlin Mitte | Ein gem\u00fctliches Wohlf\u00fchl-Hotel<\/title>\n<meta name=\"description\" content=\"Buchen Sie eines unserer sch\u00f6nen, gem\u00fctlichen Zimmer f\u00fcr Ihren n\u00e4chsten privaten oder beruflichen Aufenthalt in Berlin! Jeder ist willkommen bei B!RGIT, einem GreenLine Lifestyle-Hotel zum Wohlf\u00fchlen.\" \/>\n<meta name=\"robots\" content=\"index, follow, max-snippet:-1, max-image-preview:large, max-video-preview:-1\" \/>\n<link rel=\"canonical\" href=\"https:\/\/berlin.hotelbirgit.com\/de\/zimmer\/\" \/>\n<meta property=\"og:locale\" content=\"de_DE\" \/>\n<meta property=\"og:type\" content=\"article\" \/>\n<meta property=\"og:title\" content=\"Hotel BIRGIT Berlin Mitte | Ein gem\u00fctliches Wohlf\u00fchl-Hotel\" \/>\n<meta property=\"og:description\" content=\"Buchen Sie eines unserer sch\u00f6nen, gem\u00fctlichen Zimmer f\u00fcr Ihren n\u00e4chsten privaten oder beruflichen Aufenthalt in Berlin! Jeder ist willkommen bei B!RGIT, einem GreenLine Lifestyle-Hotel zum Wohlf\u00fchlen.\" \/>\n<meta property=\"og:url\" content=\"https:\/\/berlin.hotelbirgit.com\/de\/zimmer\/\" \/>\n<meta property=\"og:site_name\" content=\"Birgit Berlin\" \/>\n<meta property=\"article:modified_time\" content=\"2025-08-06T14:47:09+00:00\" \/>\n<meta name=\"twitter:card\" content=\"summary_large_image\" \/>\n<meta name=\"twitter:label1\" content=\"Gesch\u00e4tzte Lesezeit\" \/>\n\t<meta name=\"twitter:data1\" content=\"1 Minute\" \/>\n<script type=\"application\/ld+json\" class=\"yoast-schema-graph\">{\"@context\":\"https:\/\/schema.org\",\"@graph\":[{\"@type\":\"WebPage\",\"@id\":\"https:\/\/berlin.hotelbirgit.com\/de\/zimmer\/\",\"url\":\"https:\/\/berlin.hotelbirgit.com\/de\/zimmer\/\",\"name\":\"Hotel BIRGIT Berlin Mitte | Ein gem\u00fctliches Wohlf\u00fchl-Hotel\",\"isPartOf\":{\"@id\":\"https:\/\/berlin.hotelbirgit.com\/de\/#website\"},\"datePublished\":\"2022-08-04T06:14:57+00:00\",\"dateModified\":\"2025-08-06T14:47:09+00:00\",\"description\":\"Buchen Sie eines unserer sch\u00f6nen, gem\u00fctlichen Zimmer f\u00fcr Ihren n\u00e4chsten privaten oder beruflichen Aufenthalt in Berlin! Jeder ist willkommen bei B!RGIT, einem GreenLine Lifestyle-Hotel zum Wohlf\u00fchlen.\",\"breadcrumb\":{\"@id\":\"https:\/\/berlin.hotelbirgit.com\/de\/zimmer\/#breadcrumb\"},\"inLanguage\":\"de-DE\",\"potentialAction\":[{\"@type\":\"ReadAction\",\"target\":[\"https:\/\/berlin.hotelbirgit.com\/de\/zimmer\/\"]}]},{\"@type\":\"BreadcrumbList\",\"@id\":\"https:\/\/berlin.hotelbirgit.com\/de\/zimmer\/#breadcrumb\",\"itemListElement\":[{\"@type\":\"ListItem\",\"position\":1,\"name\":\"Accueil\",\"item\":\"https:\/\/berlin.hotelbirgit.com\/de\/\"},{\"@type\":\"ListItem\",\"position\":2,\"name\":\"Zimmer\"}]},{\"@type\":\"WebSite\",\"@id\":\"https:\/\/berlin.hotelbirgit.com\/de\/#website\",\"url\":\"https:\/\/berlin.hotelbirgit.com\/de\/\",\"name\":\"Birgit Berlin\",\"description\":\"Un site utilisant ms.decms.eu\",\"potentialAction\":[{\"@type\":\"SearchAction\",\"target\":{\"@type\":\"EntryPoint\",\"urlTemplate\":\"https:\/\/berlin.hotelbirgit.com\/de\/?s={search_term_string}\"},\"query-input\":{\"@type\":\"PropertyValueSpecification\",\"valueRequired\":true,\"valueName\":\"search_term_string\"}}],\"inLanguage\":\"de-DE\"}]}<\/script>\n<!-- \/ Yoast SEO plugin. -->","yoast_head_json":{"title":"Hotel BIRGIT Berlin Mitte | Ein gem\u00fctliches Wohlf\u00fchl-Hotel","description":"Buchen Sie eines unserer sch\u00f6nen, gem\u00fctlichen Zimmer f\u00fcr Ihren n\u00e4chsten privaten oder beruflichen Aufenthalt in Berlin! Jeder ist willkommen bei B!RGIT, einem GreenLine Lifestyle-Hotel zum Wohlf\u00fchlen.","robots":{"index":"index","follow":"follow","max-snippet":"max-snippet:-1","max-image-preview":"max-image-preview:large","max-video-preview":"max-video-preview:-1"},"canonical":"https:\/\/berlin.hotelbirgit.com\/de\/zimmer\/","og_locale":"de_DE","og_type":"article","og_title":"Hotel BIRGIT Berlin Mitte | Ein gem\u00fctliches Wohlf\u00fchl-Hotel","og_description":"Buchen Sie eines unserer sch\u00f6nen, gem\u00fctlichen Zimmer f\u00fcr Ihren n\u00e4chsten privaten oder beruflichen Aufenthalt in Berlin! Jeder ist willkommen bei B!RGIT, einem GreenLine Lifestyle-Hotel zum Wohlf\u00fchlen.","og_url":"https:\/\/berlin.hotelbirgit.com\/de\/zimmer\/","og_site_name":"Birgit Berlin","article_modified_time":"2025-08-06T14:47:09+00:00","twitter_card":"summary_large_image","twitter_misc":{"Gesch\u00e4tzte Lesezeit":"1 Minute"},"schema":{"@context":"https:\/\/schema.org","@graph":[{"@type":"WebPage","@id":"https:\/\/berlin.hotelbirgit.com\/de\/zimmer\/","url":"https:\/\/berlin.hotelbirgit.com\/de\/zimmer\/","name":"Hotel BIRGIT Berlin Mitte | Ein gem\u00fctliches Wohlf\u00fchl-Hotel","isPartOf":{"@id":"https:\/\/berlin.hotelbirgit.com\/de\/#website"},"datePublished":"2022-08-04T06:14:57+00:00","dateModified":"2025-08-06T14:47:09+00:00","description":"Buchen Sie eines unserer sch\u00f6nen, gem\u00fctlichen Zimmer f\u00fcr Ihren n\u00e4chsten privaten oder beruflichen Aufenthalt in Berlin! Jeder ist willkommen bei B!RGIT, einem GreenLine Lifestyle-Hotel zum Wohlf\u00fchlen.","breadcrumb":{"@id":"https:\/\/berlin.hotelbirgit.com\/de\/zimmer\/#breadcrumb"},"inLanguage":"de-DE","potentialAction":[{"@type":"ReadAction","target":["https:\/\/berlin.hotelbirgit.com\/de\/zimmer\/"]}]},{"@type":"BreadcrumbList","@id":"https:\/\/berlin.hotelbirgit.com\/de\/zimmer\/#breadcrumb","itemListElement":[{"@type":"ListItem","position":1,"name":"Accueil","item":"https:\/\/berlin.hotelbirgit.com\/de\/"},{"@type":"ListItem","position":2,"name":"Zimmer"}]},{"@type":"WebSite","@id":"https:\/\/berlin.hotelbirgit.com\/de\/#website","url":"https:\/\/berlin.hotelbirgit.com\/de\/","name":"Birgit Berlin","description":"Un site utilisant ms.decms.eu","potentialAction":[{"@type":"SearchAction","target":{"@type":"EntryPoint","urlTemplate":"https:\/\/berlin.hotelbirgit.com\/de\/?s={search_term_string}"},"query-input":{"@type":"PropertyValueSpecification","valueRequired":true,"valueName":"search_term_string"}}],"inLanguage":"de-DE"}]}},"acf":[],"_links":{"self":[{"href":"https:\/\/berlin.hotelbirgit.com\/de\/wp-json\/wp\/v2\/pages\/106","targetHints":{"allow":["GET"]}}],"collection":[{"href":"https:\/\/berlin.hotelbirgit.com\/de\/wp-json\/wp\/v2\/pages"}],"about":[{"href":"https:\/\/berlin.hotelbirgit.com\/de\/wp-json\/wp\/v2\/types\/page"}],"author":[{"embeddable":true,"href":"https:\/\/berlin.hotelbirgit.com\/de\/wp-json\/wp\/v2\/users\/15"}],"replies":[{"embeddable":true,"href":"https:\/\/berlin.hotelbirgit.com\/de\/wp-json\/wp\/v2\/comments?post=106"}],"version-history":[{"count":0,"href":"https:\/\/berlin.hotelbirgit.com\/de\/wp-json\/wp\/v2\/pages\/106\/revisions"}],"wp:attachment":[{"href":"https:\/\/berlin.hotelbirgit.com\/de\/wp-json\/wp\/v2\/media?parent=106"}],"curies":[{"name":"wp","href":"https:\/\/api.w.org\/{rel}","templated":true}]}}