{"id":105,"date":"2022-08-04T07:59:42","date_gmt":"2022-08-04T05:59:42","guid":{"rendered":"https:\/\/berlin.ms.decms.eu\/?page_id=105"},"modified":"2025-06-10T14:59:13","modified_gmt":"2025-06-10T12:59:13","slug":"hotel-brgit-berlin-mitte","status":"publish","type":"page","link":"https:\/\/berlin.hotelbirgit.com\/de\/","title":{"rendered":"Hotel B!RGIT Berlin Mitte"},"content":{"rendered":"<p><span style=\"font-weight: 400\">Unser gem\u00fctliches Boutique-Hotel zwischen Berlin Mitte und Prenzlauer Berg bietet 53\u00a0Zimmer und einen sch\u00f6nen Garten. Nach einer erholsamen Nacht und einem gesunden Fr\u00fchst\u00fcck werden Sie voller Energie mit dem Rad Berlin erkunden k\u00f6nnen!<\/span><\/p>\n<p><span style=\"font-weight: 400\">Man k\u00f6nnte das Hotel B!RGIT als eine Mischung verschiedener Epochen und Stilrichtungen beschreiben. Die Natur, lokale Produkte und der Bezug zur Umgebung werden bei uns gro\u00df geschrieben.<\/span><\/p>\n<p><span style=\"font-weight: 400\">Besuchen Sie uns doch, um einen unserer beliebten Drinks aus lokaler Produktion zu genie\u00dfen, tolle Musik zu h\u00f6ren oder in netter Atmosph\u00e4re ein gutes Buch zu lesen!<\/span><\/p>\n<h2>WE ARE B!RGIT !<\/h2>\n","protected":false},"excerpt":{"rendered":"<p>Unser gem\u00fctliches Boutique-Hotel zwischen Berlin Mitte und Prenzlauer Berg bietet 53\u00a0Zimmer und einen sch\u00f6nen Garten. Nach einer erholsamen Nacht und einem gesunden Fr\u00fchst\u00fcck werden Sie voller Energie mit dem Rad Berlin erkunden k\u00f6nnen! Man k\u00f6nnte das Hotel B!RGIT als eine Mischung verschiedener Epochen und Stilrichtungen beschreiben. Die Natur, lokale Produkte und der Bezug zur Umgebung [&hellip;]<\/p>\n","protected":false},"author":15,"featured_media":0,"parent":0,"menu_order":0,"comment_status":"closed","ping_status":"closed","template":"","meta":{"footnotes":""},"class_list":["post-105","page","type-page","status-publish","hentry"],"yoast_head":"<!-- This site is optimized with the Yoast SEO plugin v26.9 - https:\/\/yoast.com\/product\/yoast-seo-wordpress\/ -->\n<title>Hotel BIRGIT Berlin Mitte | Cosy Boutique Hotel in Berlin<\/title>\n<meta name=\"description\" content=\"Entdecke dieses gem\u00fctliche Boutique Hotel zwischen Mitte and Prenzlauer Berg in Berlin. Dieses GreenLine Lifestyle-Hotel wird Ihr Zuhause sein, wenn Sie nicht zuhause sind!\" \/>\n<meta name=\"robots\" content=\"index, follow, max-snippet:-1, max-image-preview:large, max-video-preview:-1\" \/>\n<link rel=\"canonical\" href=\"https:\/\/berlin.hotelbirgit.com\/de\/\" \/>\n<meta property=\"og:locale\" content=\"de_DE\" \/>\n<meta property=\"og:type\" content=\"article\" \/>\n<meta property=\"og:title\" content=\"Hotel BIRGIT Berlin Mitte | Cosy Boutique Hotel in Berlin\" \/>\n<meta property=\"og:description\" content=\"Entdecke dieses gem\u00fctliche Boutique Hotel zwischen Mitte and Prenzlauer Berg in Berlin. Dieses GreenLine Lifestyle-Hotel wird Ihr Zuhause sein, wenn Sie nicht zuhause sind!\" \/>\n<meta property=\"og:url\" content=\"https:\/\/berlin.hotelbirgit.com\/de\/\" \/>\n<meta property=\"og:site_name\" content=\"Birgit Berlin\" \/>\n<meta property=\"article:modified_time\" content=\"2025-06-10T12:59:13+00:00\" \/>\n<meta name=\"twitter:card\" content=\"summary_large_image\" \/>\n<meta name=\"twitter:label1\" content=\"Gesch\u00e4tzte Lesezeit\" \/>\n\t<meta name=\"twitter:data1\" content=\"1 Minute\" \/>\n<script type=\"application\/ld+json\" class=\"yoast-schema-graph\">{\"@context\":\"https:\/\/schema.org\",\"@graph\":[{\"@type\":\"WebPage\",\"@id\":\"https:\/\/berlin.hotelbirgit.com\/de\/\",\"url\":\"https:\/\/berlin.hotelbirgit.com\/de\/\",\"name\":\"Hotel BIRGIT Berlin Mitte | Cosy Boutique Hotel in Berlin\",\"isPartOf\":{\"@id\":\"https:\/\/berlin.hotelbirgit.com\/de\/#website\"},\"datePublished\":\"2022-08-04T05:59:42+00:00\",\"dateModified\":\"2025-06-10T12:59:13+00:00\",\"description\":\"Entdecke dieses gem\u00fctliche Boutique Hotel zwischen Mitte and Prenzlauer Berg in Berlin. Dieses GreenLine Lifestyle-Hotel wird Ihr Zuhause sein, wenn Sie nicht zuhause sind!\",\"breadcrumb\":{\"@id\":\"https:\/\/berlin.hotelbirgit.com\/de\/#breadcrumb\"},\"inLanguage\":\"de-DE\",\"potentialAction\":[{\"@type\":\"ReadAction\",\"target\":[\"https:\/\/berlin.hotelbirgit.com\/de\/\"]}]},{\"@type\":\"BreadcrumbList\",\"@id\":\"https:\/\/berlin.hotelbirgit.com\/de\/#breadcrumb\",\"itemListElement\":[{\"@type\":\"ListItem\",\"position\":1,\"name\":\"Accueil\",\"item\":\"https:\/\/berlin.hotelbirgit.com\/de\/\"},{\"@type\":\"ListItem\",\"position\":2,\"name\":\"Hotel B!RGIT Berlin Mitte\"}]},{\"@type\":\"WebSite\",\"@id\":\"https:\/\/berlin.hotelbirgit.com\/de\/#website\",\"url\":\"https:\/\/berlin.hotelbirgit.com\/de\/\",\"name\":\"Birgit Berlin\",\"description\":\"Un site utilisant ms.decms.eu\",\"potentialAction\":[{\"@type\":\"SearchAction\",\"target\":{\"@type\":\"EntryPoint\",\"urlTemplate\":\"https:\/\/berlin.hotelbirgit.com\/de\/?s={search_term_string}\"},\"query-input\":{\"@type\":\"PropertyValueSpecification\",\"valueRequired\":true,\"valueName\":\"search_term_string\"}}],\"inLanguage\":\"de-DE\"}]}<\/script>\n<!-- \/ Yoast SEO plugin. -->","yoast_head_json":{"title":"Hotel BIRGIT Berlin Mitte | Cosy Boutique Hotel in Berlin","description":"Entdecke dieses gem\u00fctliche Boutique Hotel zwischen Mitte and Prenzlauer Berg in Berlin. Dieses GreenLine Lifestyle-Hotel wird Ihr Zuhause sein, wenn Sie nicht zuhause sind!","robots":{"index":"index","follow":"follow","max-snippet":"max-snippet:-1","max-image-preview":"max-image-preview:large","max-video-preview":"max-video-preview:-1"},"canonical":"https:\/\/berlin.hotelbirgit.com\/de\/","og_locale":"de_DE","og_type":"article","og_title":"Hotel BIRGIT Berlin Mitte | Cosy Boutique Hotel in Berlin","og_description":"Entdecke dieses gem\u00fctliche Boutique Hotel zwischen Mitte and Prenzlauer Berg in Berlin. Dieses GreenLine Lifestyle-Hotel wird Ihr Zuhause sein, wenn Sie nicht zuhause sind!","og_url":"https:\/\/berlin.hotelbirgit.com\/de\/","og_site_name":"Birgit Berlin","article_modified_time":"2025-06-10T12:59:13+00:00","twitter_card":"summary_large_image","twitter_misc":{"Gesch\u00e4tzte Lesezeit":"1 Minute"},"schema":{"@context":"https:\/\/schema.org","@graph":[{"@type":"WebPage","@id":"https:\/\/berlin.hotelbirgit.com\/de\/","url":"https:\/\/berlin.hotelbirgit.com\/de\/","name":"Hotel BIRGIT Berlin Mitte | Cosy Boutique Hotel in Berlin","isPartOf":{"@id":"https:\/\/berlin.hotelbirgit.com\/de\/#website"},"datePublished":"2022-08-04T05:59:42+00:00","dateModified":"2025-06-10T12:59:13+00:00","description":"Entdecke dieses gem\u00fctliche Boutique Hotel zwischen Mitte and Prenzlauer Berg in Berlin. Dieses GreenLine Lifestyle-Hotel wird Ihr Zuhause sein, wenn Sie nicht zuhause sind!","breadcrumb":{"@id":"https:\/\/berlin.hotelbirgit.com\/de\/#breadcrumb"},"inLanguage":"de-DE","potentialAction":[{"@type":"ReadAction","target":["https:\/\/berlin.hotelbirgit.com\/de\/"]}]},{"@type":"BreadcrumbList","@id":"https:\/\/berlin.hotelbirgit.com\/de\/#breadcrumb","itemListElement":[{"@type":"ListItem","position":1,"name":"Accueil","item":"https:\/\/berlin.hotelbirgit.com\/de\/"},{"@type":"ListItem","position":2,"name":"Hotel B!RGIT Berlin Mitte"}]},{"@type":"WebSite","@id":"https:\/\/berlin.hotelbirgit.com\/de\/#website","url":"https:\/\/berlin.hotelbirgit.com\/de\/","name":"Birgit Berlin","description":"Un site utilisant ms.decms.eu","potentialAction":[{"@type":"SearchAction","target":{"@type":"EntryPoint","urlTemplate":"https:\/\/berlin.hotelbirgit.com\/de\/?s={search_term_string}"},"query-input":{"@type":"PropertyValueSpecification","valueRequired":true,"valueName":"search_term_string"}}],"inLanguage":"de-DE"}]}},"acf":[],"_links":{"self":[{"href":"https:\/\/berlin.hotelbirgit.com\/de\/wp-json\/wp\/v2\/pages\/105","targetHints":{"allow":["GET"]}}],"collection":[{"href":"https:\/\/berlin.hotelbirgit.com\/de\/wp-json\/wp\/v2\/pages"}],"about":[{"href":"https:\/\/berlin.hotelbirgit.com\/de\/wp-json\/wp\/v2\/types\/page"}],"author":[{"embeddable":true,"href":"https:\/\/berlin.hotelbirgit.com\/de\/wp-json\/wp\/v2\/users\/15"}],"replies":[{"embeddable":true,"href":"https:\/\/berlin.hotelbirgit.com\/de\/wp-json\/wp\/v2\/comments?post=105"}],"version-history":[{"count":0,"href":"https:\/\/berlin.hotelbirgit.com\/de\/wp-json\/wp\/v2\/pages\/105\/revisions"}],"wp:attachment":[{"href":"https:\/\/berlin.hotelbirgit.com\/de\/wp-json\/wp\/v2\/media?parent=105"}],"curies":[{"name":"wp","href":"https:\/\/api.w.org\/{rel}","templated":true}]}}